{"id":15372,"date":"2023-10-25T11:47:08","date_gmt":"2023-10-25T11:47:08","guid":{"rendered":"https:\/\/prioratnatur.com\/lote-cf-vd5-24\/"},"modified":"2025-11-19T16:25:50","modified_gmt":"2025-11-19T16:25:50","slug":"lote-cf-vd5-24","status":"publish","type":"product","link":"https:\/\/prioratnatur.com\/es\/lote-cf-vd5-24\/","title":{"rendered":"Cesta de Navidad VD3"},"content":{"rendered":"","protected":false},"excerpt":{"rendered":"<p><strong>Lote de Navidad VD3 compuesto por:<\/strong><\/p>\n<p>1 bot. Vino tinto Gin\u00e9 Gin\u00e9 (D.O.Q. Priorat)<br \/>\n1 tarro Almendra Marcona Salada 120g<br \/>\n1 tarro Mermelada de Pimiento Escalivado 45g<br \/>\n1 tarro Aceitunas Arbequinas 210g<br \/>\n1 barra Turr\u00f3n de Cat\u00e0nies Tradicional Cudi\u00e9 200g<br \/>\n1 estuche Bomb\u00f3n Almendra Marcona Cacao 80g<br \/>\n1 tarro Mermelada de Tomate 45g<br \/>\n1 tarro Almendra Marcona Garapi\u00f1ada 120g<br \/>\n1 tarro Pat\u00e9 de Aceituna Arbequina 135g<br \/>\n1 tarro Pat\u00e9 de Aceituna Negra 135g<\/p>\n<p><strong>Presentaci\u00f3n<\/strong>: Caja madera de dise\u00f1o.<\/p>\n","protected":false},"featured_media":12143,"comment_status":"open","ping_status":"closed","template":"","meta":{"_acf_changed":false,"inline_featured_image":false},"product_brand":[],"product_cat":[59],"product_tag":[169,170,332,262,337],"class_list":{"0":"post-15372","1":"product","2":"type-product","3":"status-publish","4":"has-post-thumbnail","6":"product_cat-lotes-de-navidad","7":"product_tag-caja-de-madera","8":"product_tag-de-50-a-100e","9":"product_tag-loteestrella","10":"product_tag-lotes-de-navidad","11":"product_tag-toplote","13":"first","14":"instock","15":"taxable","16":"shipping-taxable","17":"purchasable","18":"product-type-simple"},"acf":[],"_links":{"self":[{"href":"https:\/\/prioratnatur.com\/es\/wp-json\/wp\/v2\/product\/15372","targetHints":{"allow":["GET"]}}],"collection":[{"href":"https:\/\/prioratnatur.com\/es\/wp-json\/wp\/v2\/product"}],"about":[{"href":"https:\/\/prioratnatur.com\/es\/wp-json\/wp\/v2\/types\/product"}],"replies":[{"embeddable":true,"href":"https:\/\/prioratnatur.com\/es\/wp-json\/wp\/v2\/comments?post=15372"}],"version-history":[{"count":3,"href":"https:\/\/prioratnatur.com\/es\/wp-json\/wp\/v2\/product\/15372\/revisions"}],"predecessor-version":[{"id":19506,"href":"https:\/\/prioratnatur.com\/es\/wp-json\/wp\/v2\/product\/15372\/revisions\/19506"}],"wp:featuredmedia":[{"embeddable":true,"href":"https:\/\/prioratnatur.com\/es\/wp-json\/wp\/v2\/media\/12143"}],"wp:attachment":[{"href":"https:\/\/prioratnatur.com\/es\/wp-json\/wp\/v2\/media?parent=15372"}],"wp:term":[{"taxonomy":"product_brand","embeddable":true,"href":"https:\/\/prioratnatur.com\/es\/wp-json\/wp\/v2\/product_brand?post=15372"},{"taxonomy":"product_cat","embeddable":true,"href":"https:\/\/prioratnatur.com\/es\/wp-json\/wp\/v2\/product_cat?post=15372"},{"taxonomy":"product_tag","embeddable":true,"href":"https:\/\/prioratnatur.com\/es\/wp-json\/wp\/v2\/product_tag?post=15372"}],"curies":[{"name":"wp","href":"https:\/\/api.w.org\/{rel}","templated":true}]}}