{"id":15371,"date":"2023-10-25T11:47:09","date_gmt":"2023-10-25T11:47:09","guid":{"rendered":"https:\/\/prioratnatur.com\/cofre-de-madera-1-24\/"},"modified":"2025-12-15T18:16:52","modified_gmt":"2025-12-15T18:16:52","slug":"cofre-de-madera-1-24","status":"publish","type":"product","link":"https:\/\/prioratnatur.com\/es\/cofre-de-madera-1-24\/","title":{"rendered":"Cesta de Navidad cofre 1"},"content":{"rendered":"","protected":false},"excerpt":{"rendered":"<p><strong>Lote de Navidad cofre 1 compuesto por:<\/strong><\/p>\n<p>1 bot. Cava Brut Real Gran Reserva Mastinell<br \/>\n1 amp. Vino tinto Munt Roca (D.O.Q. Priorat)<br \/>\n1 amp. Vermut Artesano Priorat Natur 750 ml<br \/>\n1 tableta de Turr\u00f3n de Casta\u00f1as Tradicional Cudi\u00e9 200 g<br \/>\n1 botella Aceite de oliva Virgen Extra \u201cNeus\u201d 500 ml<br \/>\n1 pieza de queso artesano de oveja Serra del Tormo 600 g<br \/>\n1 pieza de longaniza artesana l\u2019Obrador 300 g<br \/>\n1 pieza de chorizo artesano l\u2019Obrador 230 g<br \/>\n1 tarro de mermelada de pimiento asado 45 g<br \/>\n1 tarro de mermelada de tomate 45 g<br \/>\n1 tarro de confitura de higo 45 g<br \/>\n1 tarro de pat\u00e9 de oliva arbequina 135 g<br \/>\n1 tarro de aceitunas rotas 210 g<br \/>\n1 estuche de \u00abTeules i Cigarrets\u00bb artesanos de almendra Casa Eceiza<br \/>\n1 estuche de barquillos artesanos de pasteler\u00eda<br \/>\n1 estuche de bomb\u00f3n de almendra marcona con cacao 80 g<br \/>\n1 tarro de almendra marcona garrapi\u00f1ada 190 g<br \/>\n1 tarro de avellana negreta tostada 190 g<\/p>\n<p><strong>Presentaci\u00f3n:<\/strong> Cofre madera Priorat Natur envuelto con papel de regalo.<\/p>\n","protected":false},"featured_media":12161,"comment_status":"open","ping_status":"closed","template":"","meta":{"_acf_changed":false,"inline_featured_image":false},"product_brand":[],"product_cat":[59],"product_tag":[169,262,268],"class_list":{"0":"post-15371","1":"product","2":"type-product","3":"status-publish","4":"has-post-thumbnail","6":"product_cat-lotes-de-navidad","7":"product_tag-caja-de-madera","8":"product_tag-lotes-de-navidad","9":"product_tag-mas-de-100e","11":"first","12":"instock","13":"taxable","14":"shipping-taxable","15":"purchasable","16":"product-type-simple"},"acf":[],"_links":{"self":[{"href":"https:\/\/prioratnatur.com\/es\/wp-json\/wp\/v2\/product\/15371","targetHints":{"allow":["GET"]}}],"collection":[{"href":"https:\/\/prioratnatur.com\/es\/wp-json\/wp\/v2\/product"}],"about":[{"href":"https:\/\/prioratnatur.com\/es\/wp-json\/wp\/v2\/types\/product"}],"replies":[{"embeddable":true,"href":"https:\/\/prioratnatur.com\/es\/wp-json\/wp\/v2\/comments?post=15371"}],"version-history":[{"count":2,"href":"https:\/\/prioratnatur.com\/es\/wp-json\/wp\/v2\/product\/15371\/revisions"}],"predecessor-version":[{"id":19074,"href":"https:\/\/prioratnatur.com\/es\/wp-json\/wp\/v2\/product\/15371\/revisions\/19074"}],"wp:featuredmedia":[{"embeddable":true,"href":"https:\/\/prioratnatur.com\/es\/wp-json\/wp\/v2\/media\/12161"}],"wp:attachment":[{"href":"https:\/\/prioratnatur.com\/es\/wp-json\/wp\/v2\/media?parent=15371"}],"wp:term":[{"taxonomy":"product_brand","embeddable":true,"href":"https:\/\/prioratnatur.com\/es\/wp-json\/wp\/v2\/product_brand?post=15371"},{"taxonomy":"product_cat","embeddable":true,"href":"https:\/\/prioratnatur.com\/es\/wp-json\/wp\/v2\/product_cat?post=15371"},{"taxonomy":"product_tag","embeddable":true,"href":"https:\/\/prioratnatur.com\/es\/wp-json\/wp\/v2\/product_tag?post=15371"}],"curies":[{"name":"wp","href":"https:\/\/api.w.org\/{rel}","templated":true}]}}