{"id":15369,"date":"2023-10-25T11:47:09","date_gmt":"2023-10-25T11:47:09","guid":{"rendered":"https:\/\/prioratnatur.com\/cofre-de-madera-2-24\/"},"modified":"2025-09-24T13:41:23","modified_gmt":"2025-09-24T13:41:23","slug":"cofre-de-madera-2-24","status":"publish","type":"product","link":"https:\/\/prioratnatur.com\/es\/cofre-de-madera-2-24\/","title":{"rendered":"Cesta de Navidad cofre 2"},"content":{"rendered":"","protected":false},"excerpt":{"rendered":"<p><strong>Lote de Navidad cofre 2 compuesto por:<\/strong><\/p>\n<p>1 bot. Cava Brut Nature Gran Reserva Mastinell<br \/>\n1 amp. Vermut Artesano Priorat Natur 750ml<br \/>\n1 bot. Vino tinto l&#8217;Interrogant (D.O.Q Priorat)<br \/>\n1 bot. Vino blanco Parentesi (D.O.Q Priorat)<br \/>\n1 amp. Aceite de oliva virgen extra \u201cNeus\u201d 500ml<br \/>\n1 tarro de aceitunas arbequinas 210g<br \/>\n1 tarro de almendra marcona salada 190g<br \/>\n1 tarro de almendra marcona garrapi\u00f1ada 190g<br \/>\n1 tarro de avellana negreta garrapi\u00f1ada 190g<br \/>\n1 tarro de mermelada de pimiento asado 250g<br \/>\n1 estuche de bomb\u00f3n de almendra marcona choco-lim\u00f3n 80g<br \/>\n1 estuche de palomitas artesanas POP IT 70g<br \/>\n1 tableta de turr\u00f3n de Cat\u00e0nies Yogulate Cudi\u00e9 200g<br \/>\n1 tableta de turr\u00f3n de Cat\u00e0nies Tradicional Cudi\u00e9 200g<br \/>\n1 estuche de barquillos artesanos de pasteler\u00eda<br \/>\n1 estuche de \u201cTejas y Cigarros\u201d artesanos de almendra Casa Eceiza<br \/>\n1 estuche de bomb\u00f3n de almendra marcona cacao 80g<\/p>\n<p><strong>Presentaci\u00f3n:<\/strong> Cofre madera Priorat Natur envuelto papel de regalo.<\/p>\n","protected":false},"featured_media":12164,"comment_status":"open","ping_status":"closed","template":"","meta":{"_acf_changed":false,"inline_featured_image":false},"product_brand":[],"product_cat":[59],"product_tag":[169,262,293,268],"class_list":{"0":"post-15369","1":"product","2":"type-product","3":"status-publish","4":"has-post-thumbnail","6":"product_cat-lotes-de-navidad","7":"product_tag-caja-de-madera","8":"product_tag-lotes-de-navidad","9":"product_tag-lotsestrella-es","10":"product_tag-mas-de-100e","12":"first","13":"instock","14":"taxable","15":"shipping-taxable","16":"purchasable","17":"product-type-simple"},"acf":[],"_links":{"self":[{"href":"https:\/\/prioratnatur.com\/es\/wp-json\/wp\/v2\/product\/15369","targetHints":{"allow":["GET"]}}],"collection":[{"href":"https:\/\/prioratnatur.com\/es\/wp-json\/wp\/v2\/product"}],"about":[{"href":"https:\/\/prioratnatur.com\/es\/wp-json\/wp\/v2\/types\/product"}],"replies":[{"embeddable":true,"href":"https:\/\/prioratnatur.com\/es\/wp-json\/wp\/v2\/comments?post=15369"}],"version-history":[{"count":2,"href":"https:\/\/prioratnatur.com\/es\/wp-json\/wp\/v2\/product\/15369\/revisions"}],"predecessor-version":[{"id":19075,"href":"https:\/\/prioratnatur.com\/es\/wp-json\/wp\/v2\/product\/15369\/revisions\/19075"}],"wp:featuredmedia":[{"embeddable":true,"href":"https:\/\/prioratnatur.com\/es\/wp-json\/wp\/v2\/media\/12164"}],"wp:attachment":[{"href":"https:\/\/prioratnatur.com\/es\/wp-json\/wp\/v2\/media?parent=15369"}],"wp:term":[{"taxonomy":"product_brand","embeddable":true,"href":"https:\/\/prioratnatur.com\/es\/wp-json\/wp\/v2\/product_brand?post=15369"},{"taxonomy":"product_cat","embeddable":true,"href":"https:\/\/prioratnatur.com\/es\/wp-json\/wp\/v2\/product_cat?post=15369"},{"taxonomy":"product_tag","embeddable":true,"href":"https:\/\/prioratnatur.com\/es\/wp-json\/wp\/v2\/product_tag?post=15369"}],"curies":[{"name":"wp","href":"https:\/\/api.w.org\/{rel}","templated":true}]}}