{"id":15366,"date":"2023-10-25T11:47:10","date_gmt":"2023-10-25T11:47:10","guid":{"rendered":"https:\/\/prioratnatur.com\/cofre-jamonero-2-24\/"},"modified":"2025-09-26T08:57:55","modified_gmt":"2025-09-26T08:57:55","slug":"cofre-jamonero-2-24","status":"publish","type":"product","link":"https:\/\/prioratnatur.com\/es\/cofre-jamonero-2-24\/","title":{"rendered":"Cesta de Navidad jamonero 2"},"content":{"rendered":"","protected":false},"excerpt":{"rendered":"<p><strong>Lote de Navidad jamonero 2 compuesto por:<\/strong><\/p>\n<p>1 Paleta ib\u00e9rica Valle de los Pedroches 4,5\u202fkg<br \/>\n1 bot. Cava Brut Real Gran Reserva Mastinell<br \/>\n1 amp. 1 Vino blanco Blanca (D.O. Montsant)<br \/>\n1 bot. Vino tinto Joana (D.O. Montsant)<br \/>\n1 bot. Aceite de Oliva Virgen Extra \u201cNeus\u201d 500\u202fml<br \/>\n1 bote Avellana Negreta Tostada 190\u202fg<br \/>\n1 bote Pat\u00e9 de Aceituna Negra 135\u202fg<br \/>\n1 bote Aceitunas Arbequinas 210\u202fg<br \/>\n1 caja Galletas Artesanas de Pasteler\u00eda L\u00f3pez<br \/>\n1 bote Avellana Negreta Garrapi\u00f1ada 190\u202fg<br \/>\n1 estuche Bomb\u00f3n Almendra Marcona Glac\u00e9 80\u202fg<br \/>\n1 estuche Turr\u00f3n de Cat\u00e0nies Tradicional Cudi\u00e9 200\u202fg<br \/>\n1 estuche Neulas Artesanas de Pasteler\u00eda  <\/p>\n<p><strong>Presentaci\u00f3n:<\/strong> Cofre madera Priorat Natur envuelto papel de regalo.<\/p>\n","protected":false},"featured_media":11962,"comment_status":"open","ping_status":"closed","template":"","meta":{"_acf_changed":false,"inline_featured_image":false},"product_brand":[],"product_cat":[59],"product_tag":[169,273,262,268],"class_list":{"0":"post-15366","1":"product","2":"type-product","3":"status-publish","4":"has-post-thumbnail","6":"product_cat-lotes-de-navidad","7":"product_tag-caja-de-madera","8":"product_tag-con-jamon","9":"product_tag-lotes-de-navidad","10":"product_tag-mas-de-100e","12":"first","13":"instock","14":"taxable","15":"shipping-taxable","16":"purchasable","17":"product-type-simple"},"acf":[],"_links":{"self":[{"href":"https:\/\/prioratnatur.com\/es\/wp-json\/wp\/v2\/product\/15366","targetHints":{"allow":["GET"]}}],"collection":[{"href":"https:\/\/prioratnatur.com\/es\/wp-json\/wp\/v2\/product"}],"about":[{"href":"https:\/\/prioratnatur.com\/es\/wp-json\/wp\/v2\/types\/product"}],"replies":[{"embeddable":true,"href":"https:\/\/prioratnatur.com\/es\/wp-json\/wp\/v2\/comments?post=15366"}],"version-history":[{"count":4,"href":"https:\/\/prioratnatur.com\/es\/wp-json\/wp\/v2\/product\/15366\/revisions"}],"predecessor-version":[{"id":19655,"href":"https:\/\/prioratnatur.com\/es\/wp-json\/wp\/v2\/product\/15366\/revisions\/19655"}],"wp:featuredmedia":[{"embeddable":true,"href":"https:\/\/prioratnatur.com\/es\/wp-json\/wp\/v2\/media\/11962"}],"wp:attachment":[{"href":"https:\/\/prioratnatur.com\/es\/wp-json\/wp\/v2\/media?parent=15366"}],"wp:term":[{"taxonomy":"product_brand","embeddable":true,"href":"https:\/\/prioratnatur.com\/es\/wp-json\/wp\/v2\/product_brand?post=15366"},{"taxonomy":"product_cat","embeddable":true,"href":"https:\/\/prioratnatur.com\/es\/wp-json\/wp\/v2\/product_cat?post=15366"},{"taxonomy":"product_tag","embeddable":true,"href":"https:\/\/prioratnatur.com\/es\/wp-json\/wp\/v2\/product_tag?post=15366"}],"curies":[{"name":"wp","href":"https:\/\/api.w.org\/{rel}","templated":true}]}}