{"id":15365,"date":"2023-10-25T11:47:10","date_gmt":"2023-10-25T11:47:10","guid":{"rendered":"https:\/\/prioratnatur.com\/cofre-jamonero-3-24\/"},"modified":"2025-09-26T08:58:10","modified_gmt":"2025-09-26T08:58:10","slug":"cofre-jamonero-3-24","status":"publish","type":"product","link":"https:\/\/prioratnatur.com\/es\/cofre-jamonero-3-24\/","title":{"rendered":"Cesta de Navidad jamonero 3"},"content":{"rendered":"","protected":false},"excerpt":{"rendered":"<p><strong>Lote de Navidad jamonero 3 compuesto por:<\/strong><\/p>\n<p>1 Paleta ib\u00e9rica 5 kg Valle de los Pedroches<br \/>\n1 tableta de Turr\u00f3n de Casta\u00f1as Tradicional Cudi\u00e9 200 g<br \/>\n1 botella Cava Brut Real Gran Reserva Mastinell<br \/>\n1 tableta de Turr\u00f3n de Casta\u00f1as Yogulate Cudi\u00e9 200 g<br \/>\n1 botella Vino blanco Nosis (D.O. Rueda)<br \/>\n1 estuche de Bomb\u00f3n de Almendra Marcona Glac\u00e9 80 g<br \/>\n1 botella Vino tinto Gin\u00e9 Gin\u00e9 (D.O.Q. Priorat)<br \/>\n1 tarro de Almendra Marcona Salada 120\u202fg<br \/>\n1 botella Aceite de oliva Virgen Extra \u201cNeus\u201d 500 ml<br \/>\n1 tarro de Confitura de Higo 45 g<br \/>\n1 tarro de Mermelada de Pimiento Asado 45 g<br \/>\n1 botella Vermut Artesano Priorat Natur 750 ml<br \/>\n1 tarro de Avellana Negreta Garrapi\u00f1ada 190 g<br \/>\n1 tarro de Almendra Marcona Garrapi\u00f1ada 190 g<br \/>\n1 pieza de Queso Artesano de oveja Serra del Tormo 600 g<br \/>\n1 tarro de Aceitunas Arbequinas 210 g<\/p>\n<p><strong>Presentaci\u00f3n:<\/strong> Cofre madera Priorat Natur envuelto con papel de regalo.<\/p>\n","protected":false},"featured_media":11965,"comment_status":"open","ping_status":"closed","template":"","meta":{"_acf_changed":false,"inline_featured_image":false},"product_brand":[],"product_cat":[59],"product_tag":[169,273,262,293,268],"class_list":{"0":"post-15365","1":"product","2":"type-product","3":"status-publish","4":"has-post-thumbnail","6":"product_cat-lotes-de-navidad","7":"product_tag-caja-de-madera","8":"product_tag-con-jamon","9":"product_tag-lotes-de-navidad","10":"product_tag-lotsestrella-es","11":"product_tag-mas-de-100e","13":"first","14":"instock","15":"taxable","16":"shipping-taxable","17":"purchasable","18":"product-type-simple"},"acf":[],"_links":{"self":[{"href":"https:\/\/prioratnatur.com\/es\/wp-json\/wp\/v2\/product\/15365","targetHints":{"allow":["GET"]}}],"collection":[{"href":"https:\/\/prioratnatur.com\/es\/wp-json\/wp\/v2\/product"}],"about":[{"href":"https:\/\/prioratnatur.com\/es\/wp-json\/wp\/v2\/types\/product"}],"replies":[{"embeddable":true,"href":"https:\/\/prioratnatur.com\/es\/wp-json\/wp\/v2\/comments?post=15365"}],"version-history":[{"count":2,"href":"https:\/\/prioratnatur.com\/es\/wp-json\/wp\/v2\/product\/15365\/revisions"}],"predecessor-version":[{"id":19072,"href":"https:\/\/prioratnatur.com\/es\/wp-json\/wp\/v2\/product\/15365\/revisions\/19072"}],"wp:featuredmedia":[{"embeddable":true,"href":"https:\/\/prioratnatur.com\/es\/wp-json\/wp\/v2\/media\/11965"}],"wp:attachment":[{"href":"https:\/\/prioratnatur.com\/es\/wp-json\/wp\/v2\/media?parent=15365"}],"wp:term":[{"taxonomy":"product_brand","embeddable":true,"href":"https:\/\/prioratnatur.com\/es\/wp-json\/wp\/v2\/product_brand?post=15365"},{"taxonomy":"product_cat","embeddable":true,"href":"https:\/\/prioratnatur.com\/es\/wp-json\/wp\/v2\/product_cat?post=15365"},{"taxonomy":"product_tag","embeddable":true,"href":"https:\/\/prioratnatur.com\/es\/wp-json\/wp\/v2\/product_tag?post=15365"}],"curies":[{"name":"wp","href":"https:\/\/api.w.org\/{rel}","templated":true}]}}