{"id":14307,"date":"2024-08-20T16:32:27","date_gmt":"2024-08-20T16:32:27","guid":{"rendered":"https:\/\/prioratnatur.com\/?post_type=product&#038;p=14307"},"modified":"2025-09-30T10:02:03","modified_gmt":"2025-09-30T10:02:03","slug":"camiseta-hombre-priorat-olivera-copia","status":"publish","type":"product","link":"https:\/\/prioratnatur.com\/es\/camiseta-hombre-priorat-olivera-copia\/","title":{"rendered":"Camiseta Ni\u00f1os Priorat Natur"},"content":{"rendered":"","protected":false},"excerpt":{"rendered":"<p style=\"text-align: justify;\">Camisetas para ni\u00f1os de Priorat Natur, confeccionadas en 100% algod\u00f3n con un dise\u00f1o alegre y divertido que refleja la esencia del Priorat. Perfectas para los peque\u00f1os que quieren llevar un pedacito de su tierra con ellos. Disponibles en varias tallas.  <\/p>\n","protected":false},"featured_media":4645,"comment_status":"closed","ping_status":"closed","template":"","meta":{"_acf_changed":false,"inline_featured_image":false},"product_brand":[],"product_cat":[65],"product_tag":[],"class_list":{"0":"post-14307","1":"product","2":"type-product","3":"status-publish","4":"has-post-thumbnail","6":"product_cat-recuerdos-del-priorat","8":"first","9":"instock","10":"taxable","11":"shipping-taxable","12":"purchasable","13":"product-type-variable"},"acf":[],"_links":{"self":[{"href":"https:\/\/prioratnatur.com\/es\/wp-json\/wp\/v2\/product\/14307","targetHints":{"allow":["GET"]}}],"collection":[{"href":"https:\/\/prioratnatur.com\/es\/wp-json\/wp\/v2\/product"}],"about":[{"href":"https:\/\/prioratnatur.com\/es\/wp-json\/wp\/v2\/types\/product"}],"replies":[{"embeddable":true,"href":"https:\/\/prioratnatur.com\/es\/wp-json\/wp\/v2\/comments?post=14307"}],"version-history":[{"count":3,"href":"https:\/\/prioratnatur.com\/es\/wp-json\/wp\/v2\/product\/14307\/revisions"}],"predecessor-version":[{"id":19790,"href":"https:\/\/prioratnatur.com\/es\/wp-json\/wp\/v2\/product\/14307\/revisions\/19790"}],"wp:featuredmedia":[{"embeddable":true,"href":"https:\/\/prioratnatur.com\/es\/wp-json\/wp\/v2\/media\/4645"}],"wp:attachment":[{"href":"https:\/\/prioratnatur.com\/es\/wp-json\/wp\/v2\/media?parent=14307"}],"wp:term":[{"taxonomy":"product_brand","embeddable":true,"href":"https:\/\/prioratnatur.com\/es\/wp-json\/wp\/v2\/product_brand?post=14307"},{"taxonomy":"product_cat","embeddable":true,"href":"https:\/\/prioratnatur.com\/es\/wp-json\/wp\/v2\/product_cat?post=14307"},{"taxonomy":"product_tag","embeddable":true,"href":"https:\/\/prioratnatur.com\/es\/wp-json\/wp\/v2\/product_tag?post=14307"}],"curies":[{"name":"wp","href":"https:\/\/api.w.org\/{rel}","templated":true}]}}