{"id":12068,"date":"2023-10-25T11:47:09","date_gmt":"2023-10-25T11:47:09","guid":{"rendered":"https:\/\/prioratnatur.com\/?post_type=product&#038;p=12068"},"modified":"2025-09-24T13:48:54","modified_gmt":"2025-09-24T13:48:54","slug":"cofre-madera-3-2","status":"publish","type":"product","link":"https:\/\/prioratnatur.com\/es\/cofre-madera-3-2\/","title":{"rendered":"Cesta de Navidad cofre 3"},"content":{"rendered":"","protected":false},"excerpt":{"rendered":"<p><strong>Lote de Navidad cofre 3 compuesto por:<\/strong><\/p>\n<p>2 bot. Cava Brut Nature Gran Reserva Mastinell<br \/>\n1 amp. Vino tinto Joan Gin\u00e9 (D.O.Q. Priorat) \u2013 1 botella<br \/>\nVino blanco Joan Gin\u00e9 (D.O.Q. Priorat) \u2013 1 botella<br \/>\nVermut artesano Priorat Natur \u2013 1 botella<br \/>\n1 bot. Aceite Oliva Virgen extra \u00abNeus\u00bb 500ml<br \/>\n1 bote Olivas Arbequinas 210g<br \/>\n1 bote Pat\u00e9 Oliva negra 135g<br \/>\n1 bote Salsa Romesco 185g<br \/>\n1 bote Almendra Marcona Salada 190g<br \/>\n1 bote Mermelada de Tomate 250g<br \/>\n1 bote Confitura de Higo 250g<br \/>\n1 pieza de queso artesano de oveja Serra del Tormo<br \/>\n1 pieza de chorizo artesano 250 g<br \/>\n1 pieza de longaniza artesana 350 g<br \/>\n2 estuches de jam\u00f3n ib\u00e9rico 100 g<br \/>\n1 bote Almendra Marcona Garrapi\u00f1ada 190g<br \/>\n1 bote Avellana Garrapi\u00f1ada 190g<br \/>\n1 estuche Bomb\u00f3n Almendra Cacao 80g<br \/>\n1 estuche Bomb\u00f3n Almendra Glac\u00e9 80g<br \/>\n1 estuche Turr\u00f3n artesano Jijona o Crema Cremada 200g<br \/>\n1 barra Turr\u00f3n de Cat\u00e0nies tradicional Cudi\u00e9 200g<br \/>\n1 barra Turr\u00f3n Catania Xoco-dark Cudi\u00e9 200g<br \/>\n1 estuche Galletas artesanas de Pasteler\u00eda L\u00f3pez<br \/>\n1 estuche Neulas artesanas de Pasteler\u00eda<\/p>\n<p><strong>Presentaci\u00f3n:<\/strong> Cofre madera Priorat Natur envuelto papel de regalo<\/p>\n","protected":false},"featured_media":9046,"comment_status":"open","ping_status":"closed","template":"","meta":{"_acf_changed":false,"inline_featured_image":false},"product_brand":[],"product_cat":[59],"product_tag":[169,262,268],"class_list":{"0":"post-12068","1":"product","2":"type-product","3":"status-publish","4":"has-post-thumbnail","6":"product_cat-lotes-de-navidad","7":"product_tag-caja-de-madera","8":"product_tag-lotes-de-navidad","9":"product_tag-mas-de-100e","11":"first","12":"instock","13":"taxable","14":"shipping-taxable","15":"purchasable","16":"product-type-simple"},"acf":[],"_links":{"self":[{"href":"https:\/\/prioratnatur.com\/es\/wp-json\/wp\/v2\/product\/12068","targetHints":{"allow":["GET"]}}],"collection":[{"href":"https:\/\/prioratnatur.com\/es\/wp-json\/wp\/v2\/product"}],"about":[{"href":"https:\/\/prioratnatur.com\/es\/wp-json\/wp\/v2\/types\/product"}],"replies":[{"embeddable":true,"href":"https:\/\/prioratnatur.com\/es\/wp-json\/wp\/v2\/comments?post=12068"}],"version-history":[{"count":4,"href":"https:\/\/prioratnatur.com\/es\/wp-json\/wp\/v2\/product\/12068\/revisions"}],"predecessor-version":[{"id":19505,"href":"https:\/\/prioratnatur.com\/es\/wp-json\/wp\/v2\/product\/12068\/revisions\/19505"}],"wp:featuredmedia":[{"embeddable":true,"href":"https:\/\/prioratnatur.com\/es\/wp-json\/wp\/v2\/media\/9046"}],"wp:attachment":[{"href":"https:\/\/prioratnatur.com\/es\/wp-json\/wp\/v2\/media?parent=12068"}],"wp:term":[{"taxonomy":"product_brand","embeddable":true,"href":"https:\/\/prioratnatur.com\/es\/wp-json\/wp\/v2\/product_brand?post=12068"},{"taxonomy":"product_cat","embeddable":true,"href":"https:\/\/prioratnatur.com\/es\/wp-json\/wp\/v2\/product_cat?post=12068"},{"taxonomy":"product_tag","embeddable":true,"href":"https:\/\/prioratnatur.com\/es\/wp-json\/wp\/v2\/product_tag?post=12068"}],"curies":[{"name":"wp","href":"https:\/\/api.w.org\/{rel}","templated":true}]}}