{"id":10638,"date":"2023-06-26T15:16:07","date_gmt":"2023-06-26T15:16:07","guid":{"rendered":"https:\/\/prioratnatur.com\/gine-rosat\/"},"modified":"2024-06-21T09:38:47","modified_gmt":"2024-06-21T09:38:47","slug":"gine-rosat","status":"publish","type":"product","link":"https:\/\/prioratnatur.com\/es\/gine-rosat\/","title":{"rendered":"Gin\u00e9 Rosat"},"content":{"rendered":"","protected":false},"excerpt":{"rendered":"<p><strong>Vino Gin\u00e9 Rosado. Bodega Buil &amp; Gin\u00e9. DOQ Priorat.<\/strong><\/p>\n<p>Fresco, con fruta roja y maduro. Este vino ve potenciadas sus virtudes con alimentos \u00e1cidos en su justo equilibrio. La acidez en una medida adecuada aporta frescura y ligereza a los vinos.<\/p>\n<p>Muy recomendable para acompa\u00f1ar con ensaladas (con poco vinagre o lim\u00f3n), platos especiados, escabeche y marinados. Carne blanca. Pescado blanco y azul. Marisco y verduras.<\/p>\n<p>\u00a1Perfecto para disfrutarlo tambi\u00e9n solo!<\/p>\n<p>Las formas de cocinar m\u00e1s adecuadas: cocidos, al vapor o incluso los crudos. Vinagretas y salsa romesco. Postres l\u00e1cteos \u00e1cidos y quesos con fermentaciones \u00e1cidas.<\/p>\n<p><strong>Variedades: 85% Garnacha \/ 15% Merlot.<\/strong><\/p>\n","protected":false},"featured_media":10458,"comment_status":"open","ping_status":"closed","template":"","meta":{"_acf_changed":false,"inline_featured_image":false},"product_brand":[],"product_cat":[69],"product_tag":[191],"class_list":{"0":"post-10638","1":"product","2":"type-product","3":"status-publish","4":"has-post-thumbnail","6":"product_cat-vinos-priorat-y-productos-de-proximidad","7":"product_tag-vegano","9":"first","10":"instock","11":"taxable","12":"shipping-taxable","13":"purchasable","14":"product-type-simple"},"acf":[],"_links":{"self":[{"href":"https:\/\/prioratnatur.com\/es\/wp-json\/wp\/v2\/product\/10638","targetHints":{"allow":["GET"]}}],"collection":[{"href":"https:\/\/prioratnatur.com\/es\/wp-json\/wp\/v2\/product"}],"about":[{"href":"https:\/\/prioratnatur.com\/es\/wp-json\/wp\/v2\/types\/product"}],"replies":[{"embeddable":true,"href":"https:\/\/prioratnatur.com\/es\/wp-json\/wp\/v2\/comments?post=10638"}],"version-history":[{"count":0,"href":"https:\/\/prioratnatur.com\/es\/wp-json\/wp\/v2\/product\/10638\/revisions"}],"wp:featuredmedia":[{"embeddable":true,"href":"https:\/\/prioratnatur.com\/es\/wp-json\/wp\/v2\/media\/10458"}],"wp:attachment":[{"href":"https:\/\/prioratnatur.com\/es\/wp-json\/wp\/v2\/media?parent=10638"}],"wp:term":[{"taxonomy":"product_brand","embeddable":true,"href":"https:\/\/prioratnatur.com\/es\/wp-json\/wp\/v2\/product_brand?post=10638"},{"taxonomy":"product_cat","embeddable":true,"href":"https:\/\/prioratnatur.com\/es\/wp-json\/wp\/v2\/product_cat?post=10638"},{"taxonomy":"product_tag","embeddable":true,"href":"https:\/\/prioratnatur.com\/es\/wp-json\/wp\/v2\/product_tag?post=10638"}],"curies":[{"name":"wp","href":"https:\/\/api.w.org\/{rel}","templated":true}]}}