{"id":10637,"date":"2023-06-20T13:56:00","date_gmt":"2023-06-20T13:56:00","guid":{"rendered":"https:\/\/prioratnatur.com\/granatxa\/"},"modified":"2023-06-20T13:56:00","modified_gmt":"2023-06-20T13:56:00","slug":"granatxa","status":"publish","type":"product","link":"https:\/\/prioratnatur.com\/es\/granatxa\/","title":{"rendered":"Granatxa"},"content":{"rendered":"","protected":false},"excerpt":{"rendered":"<p>Vino Granacha. Bodega Buil &amp; Gin\u00e9. DOQ.Priorat<\/p>\n<p>Este vino es de variedad garnacha y fue cosechado la \u00faltima semana de septiembre de 2015. Entr\u00f3 en barrica en marzo de 2016, donde envejeci\u00f3 hasta febrero de 2018. Es un potente adolescente, inteligente y sensible, que necesita algo de tiempo para continuar \u201caprendiendo\u201d y mostrar su delicadeza.<br \/>\nProfundo carm\u00edn y limpio. Es afrutado, con algunos toques florales y especiados. Cuando lo pruebas, entiendes porque llamamos \u201cadolescente\u201d. Ahora es todo poder, potencia y taninos, pero al mismo tiempo ya empieza a mostrar su delicadeza que dar\u00e1 mucho que hablar en el futuro.<\/p>\n<p>TIPO DE SUELO<br \/>\nSuelo de pizarra (Llicorella).<\/p>\n<p>MARIDAJE<br \/>\nAqu\u00ed en el Priorat, amamos nuestros estofados en invierno. Se preparan con ternera, con cordero o con cerdo, siempre con muchas verduras, setas y aceite de oliva. Xavi Buil adora acompa\u00f1arles con una copa de Carm\u00ed.<\/p>\n","protected":false},"featured_media":10419,"comment_status":"open","ping_status":"closed","template":"","meta":{"_acf_changed":false,"inline_featured_image":false},"product_brand":[],"product_cat":[69],"product_tag":[191],"class_list":{"0":"post-10637","1":"product","2":"type-product","3":"status-publish","4":"has-post-thumbnail","6":"product_cat-vinos-priorat-y-productos-de-proximidad","7":"product_tag-vegano","9":"first","10":"instock","11":"taxable","12":"shipping-taxable","13":"purchasable","14":"product-type-simple"},"acf":[],"_links":{"self":[{"href":"https:\/\/prioratnatur.com\/es\/wp-json\/wp\/v2\/product\/10637","targetHints":{"allow":["GET"]}}],"collection":[{"href":"https:\/\/prioratnatur.com\/es\/wp-json\/wp\/v2\/product"}],"about":[{"href":"https:\/\/prioratnatur.com\/es\/wp-json\/wp\/v2\/types\/product"}],"replies":[{"embeddable":true,"href":"https:\/\/prioratnatur.com\/es\/wp-json\/wp\/v2\/comments?post=10637"}],"version-history":[{"count":0,"href":"https:\/\/prioratnatur.com\/es\/wp-json\/wp\/v2\/product\/10637\/revisions"}],"wp:featuredmedia":[{"embeddable":true,"href":"https:\/\/prioratnatur.com\/es\/wp-json\/wp\/v2\/media\/10419"}],"wp:attachment":[{"href":"https:\/\/prioratnatur.com\/es\/wp-json\/wp\/v2\/media?parent=10637"}],"wp:term":[{"taxonomy":"product_brand","embeddable":true,"href":"https:\/\/prioratnatur.com\/es\/wp-json\/wp\/v2\/product_brand?post=10637"},{"taxonomy":"product_cat","embeddable":true,"href":"https:\/\/prioratnatur.com\/es\/wp-json\/wp\/v2\/product_cat?post=10637"},{"taxonomy":"product_tag","embeddable":true,"href":"https:\/\/prioratnatur.com\/es\/wp-json\/wp\/v2\/product_tag?post=10637"}],"curies":[{"name":"wp","href":"https:\/\/api.w.org\/{rel}","templated":true}]}}