{"id":10304,"date":"2022-02-02T15:56:34","date_gmt":"2022-02-02T15:56:34","guid":{"rendered":"https:\/\/prioratnatur.com\/lote-de-otono-priorat-natur\/"},"modified":"2026-02-26T14:51:58","modified_gmt":"2026-02-26T14:51:58","slug":"lote-de-otono-priorat-natur","status":"publish","type":"product","link":"https:\/\/prioratnatur.com\/es\/lote-de-otono-priorat-natur\/","title":{"rendered":"Lote de oto\u00f1o"},"content":{"rendered":"","protected":false},"excerpt":{"rendered":"<p><strong>El Lote de Oto\u00f1o est\u00e1 compuesto por:<\/strong><\/p>\n<p>1 bote de <a href=\"https:\/\/prioratnatur.com\/avellana-negreta-torrada\/\">Avellana Negreta Tostada 120g<\/a><br \/>\n<a href=\"https:\/\/prioratnatur.com\/oli-verge-extra-neus\/\">1 botella de Aceite de Oliva Virgen Extra Neus 500ml<\/a><br \/>\n<a href=\"https:\/\/prioratnatur.com\/avellana-negreta-garapinyada-priorat-natur\/\">1 bote de Avellana Negreta Garrapi\u00f1ada 120g<\/a><br \/>\n<a href=\"https:\/\/prioratnatur.com\/codonyat-artesa-tradicional-325g-priorat-natur\/\">1 paquete de Membrillo Artesano 325g<\/a><br \/>\n<a href=\"https:\/\/ca.wikipedia.org\/wiki\/Vermut\">1 botella de Vermut 750ml<\/a><br \/>\n<a href=\"https:\/\/prioratnatur.com\/ametlla-marcona-garapinyada-priorat-natur\/\">1 bote de Almendra Marcona Garrapi\u00f1ada 120g<\/a><br \/>\n<a href=\"https:\/\/prioratnatur.com\/nous-encaramelades-priorat-natur\/\">1 bote de Nueces Caramelizadas 105g<\/a><\/p>\n<p>Presentaci\u00f3n: caja b\u00e1sica de cart\u00f3n<\/p>\n","protected":false},"featured_media":5929,"comment_status":"open","ping_status":"closed","template":"","meta":{"_acf_changed":false,"inline_featured_image":false},"product_brand":[],"product_cat":[60],"product_tag":[168,170],"class_list":{"0":"post-10304","1":"product","2":"type-product","3":"status-publish","4":"has-post-thumbnail","6":"product_cat-packs-de-producto","7":"product_tag-caja-de-carton","8":"product_tag-de-50-a-100e","10":"first","11":"instock","12":"taxable","13":"shipping-taxable","14":"purchasable","15":"product-type-simple"},"acf":[],"_links":{"self":[{"href":"https:\/\/prioratnatur.com\/es\/wp-json\/wp\/v2\/product\/10304","targetHints":{"allow":["GET"]}}],"collection":[{"href":"https:\/\/prioratnatur.com\/es\/wp-json\/wp\/v2\/product"}],"about":[{"href":"https:\/\/prioratnatur.com\/es\/wp-json\/wp\/v2\/types\/product"}],"replies":[{"embeddable":true,"href":"https:\/\/prioratnatur.com\/es\/wp-json\/wp\/v2\/comments?post=10304"}],"version-history":[{"count":3,"href":"https:\/\/prioratnatur.com\/es\/wp-json\/wp\/v2\/product\/10304\/revisions"}],"predecessor-version":[{"id":21756,"href":"https:\/\/prioratnatur.com\/es\/wp-json\/wp\/v2\/product\/10304\/revisions\/21756"}],"wp:featuredmedia":[{"embeddable":true,"href":"https:\/\/prioratnatur.com\/es\/wp-json\/wp\/v2\/media\/5929"}],"wp:attachment":[{"href":"https:\/\/prioratnatur.com\/es\/wp-json\/wp\/v2\/media?parent=10304"}],"wp:term":[{"taxonomy":"product_brand","embeddable":true,"href":"https:\/\/prioratnatur.com\/es\/wp-json\/wp\/v2\/product_brand?post=10304"},{"taxonomy":"product_cat","embeddable":true,"href":"https:\/\/prioratnatur.com\/es\/wp-json\/wp\/v2\/product_cat?post=10304"},{"taxonomy":"product_tag","embeddable":true,"href":"https:\/\/prioratnatur.com\/es\/wp-json\/wp\/v2\/product_tag?post=10304"}],"curies":[{"name":"wp","href":"https:\/\/api.w.org\/{rel}","templated":true}]}}