{"id":5219,"date":"2022-03-01T17:39:48","date_gmt":"2022-03-01T17:39:48","guid":{"rendered":"https:\/\/prioratnatur.com\/sobre-nosotros\/"},"modified":"2025-03-20T15:16:12","modified_gmt":"2025-03-20T15:16:12","slug":"quien-somos","status":"publish","type":"page","link":"https:\/\/prioratnatur.com\/es\/quien-somos\/","title":{"rendered":"Quien somos"},"content":{"rendered":"\t\t<div data-elementor-type=\"wp-page\" data-elementor-id=\"5219\" class=\"elementor elementor-5219 elementor-1172\" data-elementor-post-type=\"page\">\n\t\t\t\t\t\t<section class=\"elementor-section elementor-top-section elementor-element elementor-element-6787c67 elementor-section-boxed elementor-section-height-default elementor-section-height-default\" data-id=\"6787c67\" data-element_type=\"section\" data-e-type=\"section\" data-settings=\"{&quot;background_background&quot;:&quot;classic&quot;}\">\n\t\t\t\t\t\t\t<div class=\"elementor-background-overlay\"><\/div>\n\t\t\t\t\t\t\t<div class=\"elementor-container elementor-column-gap-default\">\n\t\t\t\t\t<div class=\"elementor-column elementor-col-100 elementor-top-column elementor-element elementor-element-94e6484\" data-id=\"94e6484\" data-element_type=\"column\" data-e-type=\"column\">\n\t\t\t<div class=\"elementor-widget-wrap elementor-element-populated\">\n\t\t\t\t\t\t<div class=\"elementor-element elementor-element-e0dfbfe elementor-widget elementor-widget-text-editor\" data-id=\"e0dfbfe\" data-element_type=\"widget\" data-e-type=\"widget\" data-widget_type=\"text-editor.default\">\n\t\t\t\t<div class=\"elementor-widget-container\">\n\t\t\t\t\t\t\t\t\tEl culto y el respeto por nuestras m\u00e1s profundas tradiciones, la devoci\u00f3n por los mejores productos de nuestra tierra, el trabajo serio, constante, a la par que innovador, una gran ilusi\u00f3n y la ambici\u00f3n de llegar a las mejores cocinas del mundo, han hecho posible nuestro sue\u00f1o: Priorat Natur\t\t\t\t\t\t\t\t<\/div>\n\t\t\t\t<\/div>\n\t\t\t\t\t<\/div>\n\t\t<\/div>\n\t\t\t\t\t<\/div>\n\t\t<\/section>\n\t\t\t\t<section class=\"elementor-section elementor-top-section elementor-element elementor-element-c74d9a7 psecciones elementor-section-boxed elementor-section-height-default elementor-section-height-default\" data-id=\"c74d9a7\" data-element_type=\"section\" data-e-type=\"section\" id=\"home7\">\n\t\t\t\t\t\t<div class=\"elementor-container elementor-column-gap-default\">\n\t\t\t\t\t<div class=\"elementor-column elementor-col-50 elementor-top-column elementor-element elementor-element-7bb86303\" data-id=\"7bb86303\" data-element_type=\"column\" data-e-type=\"column\">\n\t\t\t<div class=\"elementor-widget-wrap elementor-element-populated\">\n\t\t\t\t\t\t<div class=\"elementor-element elementor-element-1ed29d01 elementor-widget elementor-widget-text-editor\" data-id=\"1ed29d01\" data-element_type=\"widget\" data-e-type=\"widget\" data-widget_type=\"text-editor.default\">\n\t\t\t\t<div class=\"elementor-widget-container\">\n\t\t\t\t\t\t\t\t\t<p>NOSOTROS<\/p>\n\t\t\t\t\t\t\t\t<\/div>\n\t\t\t\t<\/div>\n\t\t\t\t<div class=\"elementor-element elementor-element-4f5707af elementor-widget-divider--view-line elementor-widget elementor-widget-divider\" data-id=\"4f5707af\" data-element_type=\"widget\" data-e-type=\"widget\" data-widget_type=\"divider.default\">\n\t\t\t\t<div class=\"elementor-widget-container\">\n\t\t\t\t\t\t\t<div class=\"elementor-divider\">\n\t\t\t<span class=\"elementor-divider-separator\">\n\t\t\t\t\t\t<\/span>\n\t\t<\/div>\n\t\t\t\t\t\t<\/div>\n\t\t\t\t<\/div>\n\t\t\t\t<div class=\"elementor-element elementor-element-16310700 elementor-widget elementor-widget-text-editor\" data-id=\"16310700\" data-element_type=\"widget\" data-e-type=\"widget\" data-widget_type=\"text-editor.default\">\n\t\t\t\t<div class=\"elementor-widget-container\">\n\t\t\t\t\t\t\t\t\t<p>UN SUE\u00d1O<br \/>\nHECO REALIDA<\/p>\n\t\t\t\t\t\t\t\t<\/div>\n\t\t\t\t<\/div>\n\t\t\t\t<div class=\"elementor-element elementor-element-596cf898 elementor-widget elementor-widget-text-editor\" data-id=\"596cf898\" data-element_type=\"widget\" data-e-type=\"widget\" data-widget_type=\"text-editor.default\">\n\t\t\t\t<div class=\"elementor-widget-container\">\n\t\t\t\t\t\t\t\t\t<p>UN PROYECTO<br \/>\nDE VIDA<br \/>\nY FAMILIA<\/p>\n\t\t\t\t\t\t\t\t<\/div>\n\t\t\t\t<\/div>\n\t\t\t\t<div class=\"elementor-element elementor-element-1aa0890d elementor-widget elementor-widget-text-editor\" data-id=\"1aa0890d\" data-element_type=\"widget\" data-e-type=\"widget\" data-widget_type=\"text-editor.default\">\n\t\t\t\t<div class=\"elementor-widget-container\">\n\t\t\t\t\t\t\t\t\t<p>Priorat Natur, una manera de compartir, vivir y preservar las tradiciones culinarias del territorio.<\/p>\n\t\t\t\t\t\t\t\t<\/div>\n\t\t\t\t<\/div>\n\t\t\t\t\t<\/div>\n\t\t<\/div>\n\t\t\t\t<div class=\"elementor-column elementor-col-50 elementor-top-column elementor-element elementor-element-2db75fea\" data-id=\"2db75fea\" data-element_type=\"column\" data-e-type=\"column\">\n\t\t\t<div class=\"elementor-widget-wrap elementor-element-populated\">\n\t\t\t\t\t\t<div class=\"elementor-element elementor-element-6e70934e elementor-widget elementor-widget-image\" data-id=\"6e70934e\" data-element_type=\"widget\" data-e-type=\"widget\" data-widget_type=\"image.default\">\n\t\t\t\t<div class=\"elementor-widget-container\">\n\t\t\t\t\t\t\t\t\t\t\t\t\t\t\t<img fetchpriority=\"high\" decoding=\"async\" width=\"620\" height=\"620\" src=\"https:\/\/prioratnatur.com\/wp-content\/uploads\/2021\/09\/foto_anna.png\" class=\"attachment-full size-full wp-image-5220\" alt=\"foto_anna\" \/>\t\t\t\t\t\t\t\t\t\t\t\t\t\t\t<\/div>\n\t\t\t\t<\/div>\n\t\t\t\t\t<\/div>\n\t\t<\/div>\n\t\t\t\t\t<\/div>\n\t\t<\/section>\n\t\t\t\t<section class=\"elementor-section elementor-top-section elementor-element elementor-element-89025a1 elementor-section-full_width elementor-section-height-default elementor-section-height-default\" data-id=\"89025a1\" data-element_type=\"section\" data-e-type=\"section\" data-settings=\"{&quot;background_background&quot;:&quot;classic&quot;}\">\n\t\t\t\t\t\t<div class=\"elementor-container elementor-column-gap-default\">\n\t\t\t\t\t<div class=\"elementor-column elementor-col-50 elementor-top-column elementor-element elementor-element-2428579\" data-id=\"2428579\" data-element_type=\"column\" data-e-type=\"column\" data-settings=\"{&quot;background_background&quot;:&quot;classic&quot;}\">\n\t\t\t<div class=\"elementor-widget-wrap\">\n\t\t\t\t\t\t\t<\/div>\n\t\t<\/div>\n\t\t\t\t<div class=\"elementor-column elementor-col-50 elementor-top-column elementor-element elementor-element-c3b1f0d\" data-id=\"c3b1f0d\" data-element_type=\"column\" data-e-type=\"column\">\n\t\t\t<div class=\"elementor-widget-wrap elementor-element-populated\">\n\t\t\t\t\t\t<div class=\"elementor-element elementor-element-1185a1e elementor-widget elementor-widget-text-editor\" data-id=\"1185a1e\" data-element_type=\"widget\" data-e-type=\"widget\" data-widget_type=\"text-editor.default\">\n\t\t\t\t<div class=\"elementor-widget-container\">\n\t\t\t\t\t\t\t\t\t<p>DE GENERACI\u00d3N EN GENERACI\u00d3N<\/p>\n\t\t\t\t\t\t\t\t<\/div>\n\t\t\t\t<\/div>\n\t\t\t\t<div class=\"elementor-element elementor-element-7b30595 elementor-widget elementor-widget-text-editor\" data-id=\"7b30595\" data-element_type=\"widget\" data-e-type=\"widget\" data-widget_type=\"text-editor.default\">\n\t\t\t\t<div class=\"elementor-widget-container\">\n\t\t\t\t\t\t\t\t\t<p>Preservar la tradici\u00f3n de manera natural.<\/p>\n\t\t\t\t\t\t\t\t<\/div>\n\t\t\t\t<\/div>\n\t\t\t\t<div class=\"elementor-element elementor-element-52cc6c7 elementor-widget elementor-widget-text-editor\" data-id=\"52cc6c7\" data-element_type=\"widget\" data-e-type=\"widget\" data-widget_type=\"text-editor.default\">\n\t\t\t\t<div class=\"elementor-widget-container\">\n\t\t\t\t\t\t\t\t\t<p>Desde que en una cena familiar en 1996 vimos que muchas de las delicias de nuestra tierra estaban en peligro de extinci\u00f3n, y que pasar las recetas de generaci\u00f3n en generaci\u00f3n ya no era suficiente, decidimos profesionalizar y poner en alcance de todos esta tradici\u00f3n, convirti\u00e9ndola en nuestra forma de vida.<\/p>\n<p>Desde las primeras pruebas en la cocina de casa, bas\u00e1ndonos en las recetas de nuestra tradici\u00f3n familiar y utilizando materias primas de nuestra zona, hemos conseguido elaborar una extensa gama de productos: aceite de oliva virgen extra, frutos secos garrapi\u00f1ados , tostada y salada, mermeladas, confituras, membrillo, salsas y un exquisito vermut.<\/p>\n\t\t\t\t\t\t\t\t<\/div>\n\t\t\t\t<\/div>\n\t\t\t\t\t<\/div>\n\t\t<\/div>\n\t\t\t\t\t<\/div>\n\t\t<\/section>\n\t\t\t\t<section class=\"elementor-section elementor-top-section elementor-element elementor-element-0731fda psecciones elementor-section-boxed elementor-section-height-default elementor-section-height-default\" data-id=\"0731fda\" data-element_type=\"section\" data-e-type=\"section\">\n\t\t\t\t\t\t<div class=\"elementor-container elementor-column-gap-default\">\n\t\t\t\t\t<div class=\"elementor-column elementor-col-50 elementor-top-column elementor-element elementor-element-189874a\" data-id=\"189874a\" data-element_type=\"column\" data-e-type=\"column\">\n\t\t\t<div class=\"elementor-widget-wrap elementor-element-populated\">\n\t\t\t\t\t\t<div class=\"elementor-element elementor-element-5ec5994 elementor-widget elementor-widget-text-editor\" data-id=\"5ec5994\" data-element_type=\"widget\" data-e-type=\"widget\" data-widget_type=\"text-editor.default\">\n\t\t\t\t<div class=\"elementor-widget-container\">\n\t\t\t\t\t\t\t\t\t<p>PRIORAT NATUR EN EL MUNDO<\/p>\n\t\t\t\t\t\t\t\t<\/div>\n\t\t\t\t<\/div>\n\t\t\t\t<div class=\"elementor-element elementor-element-6b4c1a4 elementor-widget elementor-widget-text-editor\" data-id=\"6b4c1a4\" data-element_type=\"widget\" data-e-type=\"widget\" data-widget_type=\"text-editor.default\">\n\t\t\t\t<div class=\"elementor-widget-container\">\n\t\t\t\t\t\t\t\t\t<p>TRABAJAMOS PARA ELABORAR PRODUCTOS DE ALTA CALIDAD, DE MANERA PROFESIONAL Y SIGUIENDO<br \/>\nLA TRADICI\u00d3N ARTESANA DE LA COMARCA.<\/p>\n\t\t\t\t\t\t\t\t<\/div>\n\t\t\t\t<\/div>\n\t\t\t\t<div class=\"elementor-element elementor-element-b7d76eb elementor-widget elementor-widget-text-editor\" data-id=\"b7d76eb\" data-element_type=\"widget\" data-e-type=\"widget\" data-widget_type=\"text-editor.default\">\n\t\t\t\t<div class=\"elementor-widget-container\">\n\t\t\t\t\t\t\t\t\tProductos 100%\r\nnaturales, con origen y tradici\u00f3n.\t\t\t\t\t\t\t\t<\/div>\n\t\t\t\t<\/div>\n\t\t\t\t<div class=\"elementor-element elementor-element-78c26cd elementor-widget elementor-widget-text-editor\" data-id=\"78c26cd\" data-element_type=\"widget\" data-e-type=\"widget\" data-widget_type=\"text-editor.default\">\n\t\t\t\t<div class=\"elementor-widget-container\">\n\t\t\t\t\t\t\t\t\t<p>Gracias al trabajo duro y constante de todos estos<br \/>a\u00f1os, cuidando siempre hasta el \u00faltimo detalle en el servicio,<br \/>la elaboraci\u00f3n y la presentaci\u00f3n de nuestros productos,<br \/>hemos situado a Priorat Natur en las mejores tiendas<br \/>y restaurantes del mundo.<\/p>\t\t\t\t\t\t\t\t<\/div>\n\t\t\t\t<\/div>\n\t\t\t\t<div class=\"elementor-element elementor-element-e342c35 elementor-widget elementor-widget-text-editor\" data-id=\"e342c35\" data-element_type=\"widget\" data-e-type=\"widget\" data-widget_type=\"text-editor.default\">\n\t\t\t\t<div class=\"elementor-widget-container\">\n\t\t\t\t\t\t\t\t\t<p>Estamos en las mejores tiendas y<br \/>restaurantes de m\u00e1s de 14 paises<\/p>\t\t\t\t\t\t\t\t<\/div>\n\t\t\t\t<\/div>\n\t\t\t\t<div class=\"elementor-element elementor-element-285c868 elementor-widget elementor-widget-text-editor\" data-id=\"285c868\" data-element_type=\"widget\" data-e-type=\"widget\" data-widget_type=\"text-editor.default\">\n\t\t\t\t<div class=\"elementor-widget-container\">\n\t\t\t\t\t\t\t\t\t<p>Durante todo este tiempo, hemos obtenido tambi\u00e9n importantes reconocimientos de expertos en el sector y de revistas especializadas de todo el mundo.<\/p>\n\t\t\t\t\t\t\t\t<\/div>\n\t\t\t\t<\/div>\n\t\t\t\t<div class=\"elementor-element elementor-element-e1cf518 elementor-widget elementor-widget-text-editor\" data-id=\"e1cf518\" data-element_type=\"widget\" data-e-type=\"widget\" data-widget_type=\"text-editor.default\">\n\t\t\t\t<div class=\"elementor-widget-container\">\n\t\t\t\t\t\t\t\t\t<p>\u00bfEres un importador o distribuidor o tienes una tienda o un restaurante?<\/p>\n\t\t\t\t\t\t\t\t<\/div>\n\t\t\t\t<\/div>\n\t\t\t\t<div class=\"elementor-element elementor-element-549c200 elementor-widget elementor-widget-text-editor\" data-id=\"549c200\" data-element_type=\"widget\" data-e-type=\"widget\" data-widget_type=\"text-editor.default\">\n\t\t\t\t<div class=\"elementor-widget-container\">\n\t\t\t\t\t\t\t\t\t<p>Ponte en contacto con nosotros si compartes nuestros valores y te gustar\u00eda tener nuestros productos en tu tienda o restaurante, o si te apetece formar parte de nuestro equipo de distribuidores e importadores.<\/p>\n\t\t\t\t\t\t\t\t<\/div>\n\t\t\t\t<\/div>\n\t\t\t\t<div class=\"elementor-element elementor-element-2f03a07 elementor-align-right elementor-mobile-align-center elementor-tablet-align-center elementor-widget elementor-widget-button\" data-id=\"2f03a07\" data-element_type=\"widget\" data-e-type=\"widget\" data-widget_type=\"button.default\">\n\t\t\t\t<div class=\"elementor-widget-container\">\n\t\t\t\t\t\t\t\t\t<div class=\"elementor-button-wrapper\">\n\t\t\t\t\t<a class=\"elementor-button elementor-button-link elementor-size-sm\" href=\"https:\/\/prioratnatur.com\/es\/contacto\/\">\n\t\t\t\t\t\t<span class=\"elementor-button-content-wrapper\">\n\t\t\t\t\t\t\t\t\t<span class=\"elementor-button-text\">Contactar<\/span>\n\t\t\t\t\t<\/span>\n\t\t\t\t\t<\/a>\n\t\t\t\t<\/div>\n\t\t\t\t\t\t\t\t<\/div>\n\t\t\t\t<\/div>\n\t\t\t\t\t<\/div>\n\t\t<\/div>\n\t\t\t\t<div class=\"elementor-column elementor-col-50 elementor-top-column elementor-element elementor-element-827f5da\" data-id=\"827f5da\" data-element_type=\"column\" data-e-type=\"column\">\n\t\t\t<div class=\"elementor-widget-wrap elementor-element-populated\">\n\t\t\t\t\t\t<div class=\"elementor-element elementor-element-ab24b60 elementor-widget elementor-widget-image\" data-id=\"ab24b60\" data-element_type=\"widget\" data-e-type=\"widget\" data-widget_type=\"image.default\">\n\t\t\t\t<div class=\"elementor-widget-container\">\n\t\t\t\t\t\t\t\t\t\t\t\t\t\t\t<img decoding=\"async\" width=\"1682\" height=\"2392\" src=\"https:\/\/prioratnatur.com\/wp-content\/uploads\/2021\/10\/productes.jpg\" class=\"attachment-full size-full wp-image-3453\" alt=\"Productos Priorat Natur\" \/>\t\t\t\t\t\t\t\t\t\t\t\t\t\t\t<\/div>\n\t\t\t\t<\/div>\n\t\t\t\t\t<\/div>\n\t\t<\/div>\n\t\t\t\t\t<\/div>\n\t\t<\/section>\n\t\t\t\t<section class=\"elementor-section elementor-top-section elementor-element elementor-element-ab7dfed elementor-section-full_width elementor-section-height-default elementor-section-height-default\" data-id=\"ab7dfed\" data-element_type=\"section\" data-e-type=\"section\" data-settings=\"{&quot;background_background&quot;:&quot;classic&quot;}\">\n\t\t\t\t\t\t<div class=\"elementor-container elementor-column-gap-default\">\n\t\t\t\t\t<div class=\"elementor-column elementor-col-33 elementor-top-column elementor-element elementor-element-655f438\" data-id=\"655f438\" data-element_type=\"column\" data-e-type=\"column\" data-settings=\"{&quot;background_background&quot;:&quot;classic&quot;}\">\n\t\t\t<div class=\"elementor-widget-wrap\">\n\t\t\t\t\t\t\t<\/div>\n\t\t<\/div>\n\t\t\t\t<div class=\"elementor-column elementor-col-33 elementor-top-column elementor-element elementor-element-e0f1b23\" data-id=\"e0f1b23\" data-element_type=\"column\" data-e-type=\"column\" data-settings=\"{&quot;background_background&quot;:&quot;classic&quot;}\">\n\t\t\t<div class=\"elementor-widget-wrap elementor-element-populated\">\n\t\t\t\t\t\t<div class=\"elementor-element elementor-element-3307e74 elementor-widget elementor-widget-text-editor\" data-id=\"3307e74\" data-element_type=\"widget\" data-e-type=\"widget\" data-widget_type=\"text-editor.default\">\n\t\t\t\t<div class=\"elementor-widget-container\">\n\t\t\t\t\t\t\t\t\t<p>Priorat, cuando la tierra nos<\/p>\n<p>abastece de la m\u00e1xima calidad.<\/p>\n\t\t\t\t\t\t\t\t<\/div>\n\t\t\t\t<\/div>\n\t\t\t\t<div class=\"elementor-element elementor-element-f8d1185 elementor-widget elementor-widget-text-editor\" data-id=\"f8d1185\" data-element_type=\"widget\" data-e-type=\"widget\" data-widget_type=\"text-editor.default\">\n\t\t\t\t<div class=\"elementor-widget-container\">\n\t\t\t\t\t\t\t\t\t<p>La tierra del Priorat, situada entre colinas y monta\u00f1as, con una tierra muy rica en nutrientes y con clima mediterr\u00e1neo, nos concede una excelente avellana Negreta, frutas de gran calidad como los higos o los melocotones, y las mejores aceitunas Arbequina y almendras Marcona del mundo. En Priorat Natur no queremos desaprovechar la oportunidad que nos ofrecen esta rica tierra y sus ingredientes de primera calidad, que junto con nuestras recetas tradicionales, posibilitan la elaboraci\u00f3n de nuestros productos con sabor aut\u00e9ntico capaces de alegrar nuestros paladares y nuestras almas.<\/p>\n\t\t\t\t\t\t\t\t<\/div>\n\t\t\t\t<\/div>\n\t\t\t\t\t<\/div>\n\t\t<\/div>\n\t\t\t\t<div class=\"elementor-column elementor-col-33 elementor-top-column elementor-element elementor-element-dfe1d21 elementor-hidden-tablet elementor-hidden-mobile\" data-id=\"dfe1d21\" data-element_type=\"column\" data-e-type=\"column\">\n\t\t\t<div class=\"elementor-widget-wrap\">\n\t\t\t\t\t\t\t<\/div>\n\t\t<\/div>\n\t\t\t\t\t<\/div>\n\t\t<\/section>\n\t\t\t\t<section class=\"elementor-section elementor-top-section elementor-element elementor-element-7e6c2bba psecciones elementor-section-content-middle elementor-section-boxed elementor-section-height-default elementor-section-height-default\" data-id=\"7e6c2bba\" data-element_type=\"section\" data-e-type=\"section\">\n\t\t\t\t\t\t<div class=\"elementor-container elementor-column-gap-custom\">\n\t\t\t\t\t<div class=\"elementor-column elementor-col-50 elementor-top-column elementor-element elementor-element-223c3823\" data-id=\"223c3823\" data-element_type=\"column\" data-e-type=\"column\">\n\t\t\t<div class=\"elementor-widget-wrap elementor-element-populated\">\n\t\t\t\t\t\t<div class=\"elementor-element elementor-element-3e0554c elementor-widget elementor-widget-text-editor\" data-id=\"3e0554c\" data-element_type=\"widget\" data-e-type=\"widget\" data-widget_type=\"text-editor.default\">\n\t\t\t\t<div class=\"elementor-widget-container\">\n\t\t\t\t\t\t\t\t\t<p>CHEFS QUE CONF\u00cdAN EN NOSOTROS<\/p>\n\t\t\t\t\t\t\t\t<\/div>\n\t\t\t\t<\/div>\n\t\t\t\t<div class=\"elementor-element elementor-element-47b730da elementor-widget elementor-widget-text-editor\" data-id=\"47b730da\" data-element_type=\"widget\" data-e-type=\"widget\" data-widget_type=\"text-editor.default\">\n\t\t\t\t<div class=\"elementor-widget-container\">\n\t\t\t\t\t\t\t\t\t<p>NUESTROS<br \/>\nPRODUCTOS EN<br \/>\nLAS MEJORES MANOS<\/p>\n\t\t\t\t\t\t\t\t<\/div>\n\t\t\t\t<\/div>\n\t\t\t\t<div class=\"elementor-element elementor-element-55468083 elementor-widget elementor-widget-text-editor\" data-id=\"55468083\" data-element_type=\"widget\" data-e-type=\"widget\" data-widget_type=\"text-editor.default\">\n\t\t\t\t<div class=\"elementor-widget-container\">\n\t\t\t\t\t\t\t\t\t<p>Cocineros con Estrella Michelin que conf\u00edan en Priorat Natur<\/p>\n\t\t\t\t\t\t\t\t<\/div>\n\t\t\t\t<\/div>\n\t\t\t\t<div class=\"elementor-element elementor-element-54bb2d70 elementor-align-right elementor-mobile-align-center elementor-tablet-align-center elementor-widget elementor-widget-button\" data-id=\"54bb2d70\" data-element_type=\"widget\" data-e-type=\"widget\" data-widget_type=\"button.default\">\n\t\t\t\t<div class=\"elementor-widget-container\">\n\t\t\t\t\t\t\t\t\t<div class=\"elementor-button-wrapper\">\n\t\t\t\t\t<a class=\"elementor-button elementor-button-link elementor-size-sm\" href=\"https:\/\/www.youtube.com\/channel\/UCklRMkUFyd0wE4R-r6MpL0A\" target=\"_blank\" rel=\"noopener\">\n\t\t\t\t\t\t<span class=\"elementor-button-content-wrapper\">\n\t\t\t\t\t\t\t\t\t<span class=\"elementor-button-text\">Ver m\u00e1s<\/span>\n\t\t\t\t\t<\/span>\n\t\t\t\t\t<\/a>\n\t\t\t\t<\/div>\n\t\t\t\t\t\t\t\t<\/div>\n\t\t\t\t<\/div>\n\t\t\t\t\t<\/div>\n\t\t<\/div>\n\t\t\t\t<div class=\"elementor-column elementor-col-50 elementor-top-column elementor-element elementor-element-2a912706\" data-id=\"2a912706\" data-element_type=\"column\" data-e-type=\"column\">\n\t\t\t<div class=\"elementor-widget-wrap elementor-element-populated\">\n\t\t\t\t\t\t<div class=\"elementor-element elementor-element-2fc4fef3 elementor-widget elementor-widget-video\" data-id=\"2fc4fef3\" data-element_type=\"widget\" data-e-type=\"widget\" data-settings=\"{&quot;youtube_url&quot;:&quot;https:\\\/\\\/www.youtube.com\\\/watch?v=8Z0aURYxJZU&quot;,&quot;video_type&quot;:&quot;youtube&quot;,&quot;controls&quot;:&quot;yes&quot;}\" data-widget_type=\"video.default\">\n\t\t\t\t<div class=\"elementor-widget-container\">\n\t\t\t\t\t\t\t<div class=\"elementor-wrapper elementor-open-inline\">\n\t\t\t<div class=\"elementor-video\"><\/div>\t\t<\/div>\n\t\t\t\t\t\t<\/div>\n\t\t\t\t<\/div>\n\t\t\t\t\t<\/div>\n\t\t<\/div>\n\t\t\t\t\t<\/div>\n\t\t<\/section>\n\t\t\t\t<section class=\"elementor-section elementor-top-section elementor-element elementor-element-4458133d elementor-section-boxed elementor-section-height-default elementor-section-height-default\" data-id=\"4458133d\" data-element_type=\"section\" data-e-type=\"section\" data-settings=\"{&quot;background_background&quot;:&quot;classic&quot;}\">\n\t\t\t\t\t\t<div class=\"elementor-container elementor-column-gap-default\">\n\t\t\t\t\t<div class=\"elementor-column elementor-col-33 elementor-top-column elementor-element elementor-element-7d3fc3b3 elementor-hidden-tablet elementor-hidden-mobile\" data-id=\"7d3fc3b3\" data-element_type=\"column\" data-e-type=\"column\">\n\t\t\t<div class=\"elementor-widget-wrap\">\n\t\t\t\t\t\t\t<\/div>\n\t\t<\/div>\n\t\t\t\t<div class=\"elementor-column elementor-col-33 elementor-top-column elementor-element elementor-element-49e5a431\" data-id=\"49e5a431\" data-element_type=\"column\" data-e-type=\"column\" data-settings=\"{&quot;background_background&quot;:&quot;classic&quot;}\">\n\t\t\t<div class=\"elementor-widget-wrap elementor-element-populated\">\n\t\t\t\t\t\t<div class=\"elementor-element elementor-element-2ac8bc90 elementor-widget elementor-widget-text-editor\" data-id=\"2ac8bc90\" data-element_type=\"widget\" data-e-type=\"widget\" data-widget_type=\"text-editor.default\">\n\t\t\t\t<div class=\"elementor-widget-container\">\n\t\t\t\t\t\t\t\t\t<p>Elaboramos nuestros productos con todo el cuidado, para poder ofreceros la m\u00e1xima calidad.<\/p>\n\t\t\t\t\t\t\t\t<\/div>\n\t\t\t\t<\/div>\n\t\t\t\t<div class=\"elementor-element elementor-element-68dc8d82 elementor-widget-divider--view-line elementor-widget elementor-widget-divider\" data-id=\"68dc8d82\" data-element_type=\"widget\" data-e-type=\"widget\" data-widget_type=\"divider.default\">\n\t\t\t\t<div class=\"elementor-widget-container\">\n\t\t\t\t\t\t\t<div class=\"elementor-divider\">\n\t\t\t<span class=\"elementor-divider-separator\">\n\t\t\t\t\t\t<\/span>\n\t\t<\/div>\n\t\t\t\t\t\t<\/div>\n\t\t\t\t<\/div>\n\t\t\t\t<div class=\"elementor-element elementor-element-49fb48ba elementor-widget elementor-widget-text-editor\" data-id=\"49fb48ba\" data-element_type=\"widget\" data-e-type=\"widget\" data-widget_type=\"text-editor.default\">\n\t\t\t\t<div class=\"elementor-widget-container\">\n\t\t\t\t\t\t\t\t\t<p><strong>FRUTOS SECOS GARRAPI\u00d1ADOS<\/strong><\/p>\n<p>Removiendo a mano en peque\u00f1as cantidades, a\u00f1adiendo la cantidad justa de az\u00facar o sal para no perder el sabor de la almendra o la avellana\u2026 As\u00ed es como conseguimos que nuestros frutos secos deleiten a los mejores paladares.<\/p>\n\t\t\t\t\t\t\t\t<\/div>\n\t\t\t\t<\/div>\n\t\t\t\t<div class=\"elementor-element elementor-element-287f9b84 elementor-align-right elementor-mobile-align-center elementor-widget elementor-widget-button\" data-id=\"287f9b84\" data-element_type=\"widget\" data-e-type=\"widget\" data-widget_type=\"button.default\">\n\t\t\t\t<div class=\"elementor-widget-container\">\n\t\t\t\t\t\t\t\t\t<div class=\"elementor-button-wrapper\">\n\t\t\t\t\t<a class=\"elementor-button elementor-button-link elementor-size-sm\" href=\"https:\/\/prioratnatur.com\/es\/elaboracion\/\">\n\t\t\t\t\t\t<span class=\"elementor-button-content-wrapper\">\n\t\t\t\t\t\t\t\t\t<span class=\"elementor-button-text\">Seguir leyendo<\/span>\n\t\t\t\t\t<\/span>\n\t\t\t\t\t<\/a>\n\t\t\t\t<\/div>\n\t\t\t\t\t\t\t\t<\/div>\n\t\t\t\t<\/div>\n\t\t\t\t\t<\/div>\n\t\t<\/div>\n\t\t\t\t<div class=\"elementor-column elementor-col-33 elementor-top-column elementor-element elementor-element-79ec476a elementor-hidden-tablet elementor-hidden-mobile\" data-id=\"79ec476a\" data-element_type=\"column\" data-e-type=\"column\">\n\t\t\t<div class=\"elementor-widget-wrap\">\n\t\t\t\t\t\t\t<\/div>\n\t\t<\/div>\n\t\t\t\t\t<\/div>\n\t\t<\/section>\n\t\t\t\t<\/div>\n\t\t","protected":false},"excerpt":{"rendered":"<p>El culto y el respeto por nuestras m\u00e1s profundas tradiciones, la devoci\u00f3n por los mejores productos de nuestra tierra, el trabajo serio, constante, a la par que innovador, una gran ilusi\u00f3n y la ambici\u00f3n de llegar a las mejores cocinas del mundo, han hecho posible nuestro sue\u00f1o: Priorat Natur NOSOTROS UN SUE\u00d1O HECO REALIDA UN [&hellip;]<\/p>\n","protected":false},"author":1,"featured_media":0,"parent":0,"menu_order":0,"comment_status":"closed","ping_status":"closed","template":"","meta":{"_acf_changed":false,"inline_featured_image":false,"footnotes":""},"class_list":["post-5219","page","type-page","status-publish","hentry"],"acf":[],"_links":{"self":[{"href":"https:\/\/prioratnatur.com\/es\/wp-json\/wp\/v2\/pages\/5219","targetHints":{"allow":["GET"]}}],"collection":[{"href":"https:\/\/prioratnatur.com\/es\/wp-json\/wp\/v2\/pages"}],"about":[{"href":"https:\/\/prioratnatur.com\/es\/wp-json\/wp\/v2\/types\/page"}],"author":[{"embeddable":true,"href":"https:\/\/prioratnatur.com\/es\/wp-json\/wp\/v2\/users\/1"}],"replies":[{"embeddable":true,"href":"https:\/\/prioratnatur.com\/es\/wp-json\/wp\/v2\/comments?post=5219"}],"version-history":[{"count":22,"href":"https:\/\/prioratnatur.com\/es\/wp-json\/wp\/v2\/pages\/5219\/revisions"}],"predecessor-version":[{"id":18109,"href":"https:\/\/prioratnatur.com\/es\/wp-json\/wp\/v2\/pages\/5219\/revisions\/18109"}],"wp:attachment":[{"href":"https:\/\/prioratnatur.com\/es\/wp-json\/wp\/v2\/media?parent=5219"}],"curies":[{"name":"wp","href":"https:\/\/api.w.org\/{rel}","templated":true}]}}