{"id":5217,"date":"2022-03-01T17:31:16","date_gmt":"2022-03-01T17:31:16","guid":{"rendered":"https:\/\/prioratnatur.com\/faqs\/"},"modified":"2026-02-12T15:36:35","modified_gmt":"2026-02-12T15:36:35","slug":"faqs","status":"publish","type":"page","link":"https:\/\/prioratnatur.com\/es\/faqs\/","title":{"rendered":"Faqs"},"content":{"rendered":"\t\t<div data-elementor-type=\"wp-page\" data-elementor-id=\"5217\" class=\"elementor elementor-5217 elementor-2156\" data-elementor-post-type=\"page\">\n\t\t\t\t\t\t<section class=\"elementor-section elementor-top-section elementor-element elementor-element-e4056c7 elementor-section-boxed elementor-section-height-default elementor-section-height-default\" data-id=\"e4056c7\" data-element_type=\"section\" data-e-type=\"section\" id=\"enviament\">\n\t\t\t\t\t\t<div class=\"elementor-container elementor-column-gap-default\">\n\t\t\t\t\t<div class=\"elementor-column elementor-col-100 elementor-top-column elementor-element elementor-element-8f5c438\" data-id=\"8f5c438\" data-element_type=\"column\" data-e-type=\"column\">\n\t\t\t<div class=\"elementor-widget-wrap elementor-element-populated\">\n\t\t\t\t\t\t<div class=\"elementor-element elementor-element-84dc9fd elementor-widget elementor-widget-text-editor\" data-id=\"84dc9fd\" data-element_type=\"widget\" data-e-type=\"widget\" data-widget_type=\"text-editor.default\">\n\t\t\t\t<div class=\"elementor-widget-container\">\n\t\t\t\t\t\t\t\t\t<h2>Envios<\/h2><p>Ofrecemos <strong>servicio de env\u00edo a domicilio<\/strong> a todo el estado espa\u00f1ol, incluyendo Baleares y Canarias, as\u00ed como env\u00edos internacionales.<\/p><p>El <strong>importe de los gastos de env\u00edo<\/strong> var\u00eda seg\u00fan el destino y se muestran en el momento de seleccionar la direcci\u00f3n de env\u00edo al realizar el pedido.<\/p><p>El coste de los env\u00edos <strong>nacionales<\/strong> a la Pen\u00ednsula es gratuito en compras superiores a 65\u20ac y de 10\u20ac (IVA incluido) por compras inferiores a 65\u20ac.<\/p><p>Para env\u00edos <strong>internacionales<\/strong> a pa\u00edses que no aparecen como destino en nuestra web ponte en contacto con nosotros <a href=\"mailto:info@prioratnatur.com\">info@prioratnatur.com<\/a>\u00a0y te informaremos de las tarifas y condiciones espec\u00edficas.<\/p><p>En el <strong>caso particular de Andorra<\/strong>, hay que tener en cuenta que el coste del DUA ya est\u00e1 incluido en la tarifa del transporte que marca la web, por lo que el destinatario s\u00f3lo tendr\u00e1 que hacerse cargo del resto de impuestos que se apliquen en destino.<\/p><p>Los <strong>gastos de aduana, aranceles<\/strong> y otros impuestos pertenecientes al pa\u00eds de destino, no est\u00e1n incluidos en el precio del transporte o del producto en el caso de los env\u00edos internacionales y en las Islas Canarias, y ser\u00e1n a cargo del destinatario. El cliente debe tener en cuenta la legislaci\u00f3n vigente en el pa\u00eds referente a la importaci\u00f3n de art\u00edculos.<\/p><p>Priorat Natur no se hace responsable de las posibles demoras que se produzcan en las instalaciones aduaneras, ni de las incautaciones de los art\u00edculos del pedido por parte de las autoridades locales.<\/p><p>Para compras superiores a 30kg ponte en contacto con nosotros en <a href=\"mailto:info@prioratnatur.com\">info@prioratnatur.com<\/a><\/p>\t\t\t\t\t\t\t\t<\/div>\n\t\t\t\t<\/div>\n\t\t\t\t\t<\/div>\n\t\t<\/div>\n\t\t\t\t\t<\/div>\n\t\t<\/section>\n\t\t\t\t<section class=\"elementor-section elementor-top-section elementor-element elementor-element-3127e2d elementor-section-boxed elementor-section-height-default elementor-section-height-default\" data-id=\"3127e2d\" data-element_type=\"section\" data-e-type=\"section\" id=\"tiempoenvio\">\n\t\t\t\t\t\t<div class=\"elementor-container elementor-column-gap-default\">\n\t\t\t\t\t<div class=\"elementor-column elementor-col-100 elementor-top-column elementor-element elementor-element-cfd1c07\" data-id=\"cfd1c07\" data-element_type=\"column\" data-e-type=\"column\">\n\t\t\t<div class=\"elementor-widget-wrap elementor-element-populated\">\n\t\t\t\t\t\t<div class=\"elementor-element elementor-element-ad7adca elementor-widget elementor-widget-text-editor\" data-id=\"ad7adca\" data-element_type=\"widget\" data-e-type=\"widget\" data-widget_type=\"text-editor.default\">\n\t\t\t\t<div class=\"elementor-widget-container\">\n\t\t\t\t\t\t\t\t\t<h2>Entregas en 24\/48h<\/h2>\n<p>Los <strong>plazos de entrega<\/strong> en los pedidos nacionales en la Pen\u00ednsula oscilan <strong>entre las 24 y las 72 horas laborables<\/strong>, aunque en la mayor\u00eda de los casos llegan antes de las <strong>48 horas si realizas el pedido antes de las 14.00h.<\/strong><\/p>\n<p>En las islas o destinos internacionales el plazo ser\u00e1 entre <strong>4 y 6 d\u00edas laborables<\/strong>.<\/p>\n<p>En caso de <strong>no encontrar a nadie en el lugar de la entrega<\/strong>, la empresa de mensajer\u00eda deja un aviso en el buz\u00f3n o env\u00eda un SMS al n\u00famero de tel\u00e9fono previamente indicado, avisando de que ha intentado entregar el paquete. Despu\u00e9s ser\u00e1 necesario que el cliente llame entre las siguientes 24 y 48 horas para acordar una nueva fecha y hora de entrega.<\/p>\n<p>En caso de que sea imposible localizar al destinatario y <strong>el paquete se devuelva a Priorat Natur,<\/strong> el cliente tiene derecho a reclamar el importe del pedido, pero no el de los gastos de transporte. En caso de entrega gratuita, los gastos de env\u00edo tambi\u00e9n se descontar\u00e1n del importe del pedido antes de realizar la devoluci\u00f3n.<\/p>\n<p>Los pedidos devueltos pueden volver a enviarse pagando de nuevo los gastos de transporte.<\/p>\n<p>Para escoger una <strong>direcci\u00f3n de env\u00edo<\/strong> diferente a la de los datos personales de la ficha, puedes a\u00f1adir una nueva direcci\u00f3n al apartado \u201cMis Direcciones\u201d de tu cuenta de Priorat Natur.<\/p>\n<p>Si quieres hacer un <strong>regalo<\/strong>, Priorat Natur te lo puede hacer llegar a ti para que lo entregues personalmente, o directamente a la persona a la que le quieres regalar y podemos a\u00f1adirte una felicitaci\u00f3n con lo que quieras decir.<\/p>\n<p>No efectuamos entregas en apartados de correo.<\/p>\n<p>Efectuamos los env\u00edos con <strong>empresas de mensajer\u00eda fiables<\/strong> y con una larga experiencia, que tienen como prioridad que el pedido llegue en perfectas condiciones a su destino.<\/p>\n<p>Si el <strong>paquete no llega en buen estado<\/strong>, no lo aceptes (consulta c\u00f3mo proceder en el apartado Devoluciones).<\/p>\n<p>Priorat Natur no se hace responsable de las posibles demoras que se produzcan en las instalaciones aduaneras, ni de las incautaciones de los art\u00edculos del pedido por parte de las autoridades locales.<\/p>\n<p>Si el paquete no llega dentro de los plazos establecidos, seg\u00fan sea nacional o internacional, ponte en contacto con nosotros a trav\u00e9s de <a href=\"mailto:info@prioratnatur.com\">info@prioratnatur.com<\/a> o llamando al 977 830 885.<\/p>\n\t\t\t\t\t\t\t\t<\/div>\n\t\t\t\t<\/div>\n\t\t\t\t\t<\/div>\n\t\t<\/div>\n\t\t\t\t\t<\/div>\n\t\t<\/section>\n\t\t\t\t<section class=\"elementor-section elementor-top-section elementor-element elementor-element-92d9e15 elementor-section-boxed elementor-section-height-default elementor-section-height-default\" data-id=\"92d9e15\" data-element_type=\"section\" data-e-type=\"section\" id=\"telefon\">\n\t\t\t\t\t\t<div class=\"elementor-container elementor-column-gap-default\">\n\t\t\t\t\t<div class=\"elementor-column elementor-col-100 elementor-top-column elementor-element elementor-element-2297115\" data-id=\"2297115\" data-element_type=\"column\" data-e-type=\"column\">\n\t\t\t<div class=\"elementor-widget-wrap elementor-element-populated\">\n\t\t\t\t\t\t<div class=\"elementor-element elementor-element-cd5eaaf elementor-widget elementor-widget-text-editor\" data-id=\"cd5eaaf\" data-element_type=\"widget\" data-e-type=\"widget\" data-widget_type=\"text-editor.default\">\n\t\t\t\t<div class=\"elementor-widget-container\">\n\t\t\t\t\t\t\t\t\t<h2>Atenci\u00f3n al cliente 977 830 885<\/h2>\n<p>El horario de atenci\u00f3n al cliente de Priorat Natur es de lunes a viernes de 9h a 20h.<\/p>\n<p><a href=\"mailto:info@prioratnatur.com\">info@prioratnatur.com<\/a><\/p>\n<p><a href=\"tel:+34977830885\">977 830 885<\/a>\u00a0\/\u00a0<a href=\"tel:+34608698078\">608 698 078<\/a><\/p>\n<p>A CONTACTO en esta misma web (link con contacto)<\/p>\n<p>Te atenderemos para resolver cualquier duda, ayudarte con un proceso de compra o devoluci\u00f3n, para informarte sobre tarifas de transporte o precios, si has tenido alg\u00fan problema con nuestros productos, el env\u00edo o no est\u00e1s satisfecho, si tienes alguna sugerencia en hacernos, si quieres tener nuestros productos en tu tienda, si quieres hacer un regalo a medida o a\u00f1adir una tarjeta de felicitaci\u00f3n, o para cualquier otra consulta.<\/p>\n\t\t\t\t\t\t\t\t<\/div>\n\t\t\t\t<\/div>\n\t\t\t\t\t<\/div>\n\t\t<\/div>\n\t\t\t\t\t<\/div>\n\t\t<\/section>\n\t\t\t\t<section class=\"elementor-section elementor-top-section elementor-element elementor-element-c016a3d elementor-section-boxed elementor-section-height-default elementor-section-height-default\" data-id=\"c016a3d\" data-element_type=\"section\" data-e-type=\"section\" id=\"devolucions\">\n\t\t\t\t\t\t<div class=\"elementor-container elementor-column-gap-default\">\n\t\t\t\t\t<div class=\"elementor-column elementor-col-100 elementor-top-column elementor-element elementor-element-237b287\" data-id=\"237b287\" data-element_type=\"column\" data-e-type=\"column\">\n\t\t\t<div class=\"elementor-widget-wrap elementor-element-populated\">\n\t\t\t\t\t\t<div class=\"elementor-element elementor-element-2192598 elementor-widget elementor-widget-text-editor\" data-id=\"2192598\" data-element_type=\"widget\" data-e-type=\"widget\" data-widget_type=\"text-editor.default\">\n\t\t\t\t<div class=\"elementor-widget-container\">\n\t\t\t\t\t\t\t\t\t<h2>Devoluciones<\/h2>\n<p>Desde Priorat Natur te recomendamos que no<strong> aceptes ninguna entrega en malas condiciones<\/strong>\u00a0(caja abierta, rota, mojada, etc ) y sobre todo tienes que hacerlo constar por escrito en el albar\u00e1n de entrega que te entregar\u00e1 el transportista.<\/p>\n<p>En caso de que aceptes el paquete aun estando en malas condiciones, es necesario que lo indiques por escrito en el albar\u00e1n de entrega y que nos lo comuniques por escrito en la direcci\u00f3n electr\u00f3nica:\u00a0 <a href=\"mailto:info@prioratnatur.com\">info@prioratnatur.com<\/a>\u00a0en un plazo m\u00e1ximo de 24 horas. En el correo electr\u00f3nico, adjunta una fotograf\u00eda del paquete o expl\u00edcanos con la mayor precisi\u00f3n posible el estado del bulto entregado.<\/p>\n<p>Guarda los productos deteriorados sin abrir en su envase original y sin manipular, porque Priorat Natur se reserva el derecho a recogerlos sin coste para el cliente. Una vez efectuados los tr\u00e1mites necesarios y en un plazo m\u00e1ximo de 15 d\u00edas, te <strong>reembolsaremos el importe de los productos deteriorados <\/strong>mediante el mismo m\u00e9todo de pago que se efectu\u00f3 la compra.<\/p>\n<p>Si\u00a0<strong>el contenido del paquete no se corresponde a tu pedido<\/strong>, debes comunicarlo a \u00a0info@prioratnatur.com en un plazo m\u00e1ximo de 14 d\u00edas laborables desde la fecha de recepci\u00f3n del paquete. Debes guardar los productos de la reclamaci\u00f3n sin abrir ni manipular.<\/p>\n<p>Puedes escoger entre recibir el reembolso de tus productos no recibidos una vez recogidos los productos err\u00f3neos (a cargo de Priorat Natur), en un plazo m\u00e1ximo de 15 d\u00edas desde la recogida y mediante el mismo m\u00e9todo de pago con el que se efectu\u00f3 la compra. O solicitar el env\u00edo de productos correctos sin coste de env\u00edo para el cliente, una vez recogidos los err\u00f3neos (a cargo de Priorat Natur).<\/p>\n<p>En caso de no<strong> quedar satisfecho con un producto<\/strong>\u00a0debes comunicarlo en un plazo m\u00e1ximo de 14 d\u00edas laborables desde la fecha de entrega. \u00a0El cliente se har\u00e1 cargo de los gastos de transporte por devoluci\u00f3n y ser\u00e1 necesario que el producto llegue en correcto estado a Priorat Natur, debe influir dentro del paquete una copia de la factura, una lista de los productos que devuelve y el motivo de la devoluci\u00f3n.<\/p>\n<p>El reembolso se har\u00e1 efectivo en 15 d\u00edas laborables desde la recepci\u00f3n de la devoluci\u00f3n mediante el mismo m\u00e9todo de pago en el que se realiz\u00f3 la compra, una vez comprobado que el producto est\u00e1 en buen estado.<\/p>\n<p>Si llega en\u00a0<strong>mal estado alg\u00fan producto<\/strong>, debes comunicarlo por escrito a la direcci\u00f3n \u00a0<a href=\"mailto:info@prioratnatur.com\">info@prioratnatur.com<\/a>, detallando cual es el estado del producto y adjuntando fotograf\u00edas si es posible. Una vez recogidos los productos y comprobado el mal estado de los mismos, Priorat Natur te reembolsar\u00e1 el importe del producto o te enviar\u00e1 un producto nuevo sin coste de trasporte, si lo deseas. La devoluci\u00f3n del importe se realiza mediante el mismo m\u00e9todo de pago con el que se efectu\u00f3 la compra en un per\u00edodo m\u00e1ximo de 15 d\u00edas desde la recepci\u00f3n del producto a las oficinas de Priorat Natur.<\/p>\n\t\t\t\t\t\t\t\t<\/div>\n\t\t\t\t<\/div>\n\t\t\t\t\t<\/div>\n\t\t<\/div>\n\t\t\t\t\t<\/div>\n\t\t<\/section>\n\t\t\t\t<section class=\"elementor-section elementor-top-section elementor-element elementor-element-6878eac pagamentsegur elementor-section-boxed elementor-section-height-default elementor-section-height-default\" data-id=\"6878eac\" data-element_type=\"section\" data-e-type=\"section\">\n\t\t\t\t\t\t<div class=\"elementor-container elementor-column-gap-default\">\n\t\t\t\t\t<div class=\"elementor-column elementor-col-100 elementor-top-column elementor-element elementor-element-1b3d544\" data-id=\"1b3d544\" data-element_type=\"column\" data-e-type=\"column\">\n\t\t\t<div class=\"elementor-widget-wrap elementor-element-populated\">\n\t\t\t\t\t\t<div class=\"elementor-element elementor-element-7105d8e elementor-widget elementor-widget-text-editor\" data-id=\"7105d8e\" data-element_type=\"widget\" data-e-type=\"widget\" data-widget_type=\"text-editor.default\">\n\t\t\t\t<div class=\"elementor-widget-container\">\n\t\t\t\t\t\t\t\t\t<h2>Pago seguro<\/h2>\n\t\t\t\t\t\t\t\t<\/div>\n\t\t\t\t<\/div>\n\t\t\t\t<div class=\"elementor-element elementor-element-7605cb3 elementor-widget elementor-widget-text-editor\" data-id=\"7605cb3\" data-element_type=\"widget\" data-e-type=\"widget\" data-widget_type=\"text-editor.default\">\n\t\t\t\t<div class=\"elementor-widget-container\">\n\t\t\t\t\t\t\t\t\t<p><strong>Nuestros m\u00e9todos de pago cumplen con las normativas de Seguridad obligatorias para los comercios electr\u00f3nicos.<\/strong><\/p>\n<p>Los pagos de los pedidos se pueden hacer con tarjeta de cr\u00e9dito o d\u00e9bito Visa o Mastercard.<\/p>\n<p>Todos los pagos realizados con tarjeta se efect\u00faan a trav\u00e9s de la pasarela seguridad REDSYS.<\/p>\n<p>Aceptamos tambi\u00e9n pago a trav\u00e9s de transferencia bancaria.<\/p>\n\t\t\t\t\t\t\t\t<\/div>\n\t\t\t\t<\/div>\n\t\t\t\t\t<\/div>\n\t\t<\/div>\n\t\t\t\t\t<\/div>\n\t\t<\/section>\n\t\t\t\t<section class=\"elementor-section elementor-top-section elementor-element elementor-element-c91adb8 sostenibilitat elementor-section-boxed elementor-section-height-default elementor-section-height-default\" data-id=\"c91adb8\" data-element_type=\"section\" data-e-type=\"section\">\n\t\t\t\t\t\t<div class=\"elementor-container elementor-column-gap-default\">\n\t\t\t\t\t<div class=\"elementor-column elementor-col-100 elementor-top-column elementor-element elementor-element-a5b7baa\" data-id=\"a5b7baa\" data-element_type=\"column\" data-e-type=\"column\">\n\t\t\t<div class=\"elementor-widget-wrap elementor-element-populated\">\n\t\t\t\t\t\t<div class=\"elementor-element elementor-element-70db983 elementor-widget elementor-widget-text-editor\" data-id=\"70db983\" data-element_type=\"widget\" data-e-type=\"widget\" data-widget_type=\"text-editor.default\">\n\t\t\t\t<div class=\"elementor-widget-container\">\n\t\t\t\t\t\t\t\t\t<h2>Sostenibilidad<\/h2>\n\t\t\t\t\t\t\t\t<\/div>\n\t\t\t\t<\/div>\n\t\t\t\t\t<\/div>\n\t\t<\/div>\n\t\t\t\t\t<\/div>\n\t\t<\/section>\n\t\t\t\t<\/div>\n\t\t","protected":false},"excerpt":{"rendered":"<p>Envios Ofrecemos servicio de env\u00edo a domicilio a todo el estado espa\u00f1ol, incluyendo Baleares y Canarias, as\u00ed como env\u00edos internacionales. El importe de los gastos de env\u00edo var\u00eda seg\u00fan el destino y se muestran en el momento de seleccionar la direcci\u00f3n de env\u00edo al realizar el pedido. El coste de los env\u00edos nacionales a la [&hellip;]<\/p>\n","protected":false},"author":1,"featured_media":0,"parent":0,"menu_order":0,"comment_status":"closed","ping_status":"closed","template":"","meta":{"_acf_changed":false,"inline_featured_image":false,"footnotes":""},"class_list":["post-5217","page","type-page","status-publish","hentry"],"acf":[],"_links":{"self":[{"href":"https:\/\/prioratnatur.com\/es\/wp-json\/wp\/v2\/pages\/5217","targetHints":{"allow":["GET"]}}],"collection":[{"href":"https:\/\/prioratnatur.com\/es\/wp-json\/wp\/v2\/pages"}],"about":[{"href":"https:\/\/prioratnatur.com\/es\/wp-json\/wp\/v2\/types\/page"}],"author":[{"embeddable":true,"href":"https:\/\/prioratnatur.com\/es\/wp-json\/wp\/v2\/users\/1"}],"replies":[{"embeddable":true,"href":"https:\/\/prioratnatur.com\/es\/wp-json\/wp\/v2\/comments?post=5217"}],"version-history":[{"count":7,"href":"https:\/\/prioratnatur.com\/es\/wp-json\/wp\/v2\/pages\/5217\/revisions"}],"predecessor-version":[{"id":21507,"href":"https:\/\/prioratnatur.com\/es\/wp-json\/wp\/v2\/pages\/5217\/revisions\/21507"}],"wp:attachment":[{"href":"https:\/\/prioratnatur.com\/es\/wp-json\/wp\/v2\/media?parent=5217"}],"curies":[{"name":"wp","href":"https:\/\/api.w.org\/{rel}","templated":true}]}}