{"id":8096,"date":"2022-07-13T14:47:28","date_gmt":"2022-07-13T14:47:28","guid":{"rendered":"https:\/\/prioratnatur.com\/etim-sweet-red-wine\/"},"modified":"2022-07-29T16:22:28","modified_gmt":"2022-07-29T16:22:28","slug":"etim-sweet-red-wine","status":"publish","type":"product","link":"https:\/\/prioratnatur.com\/en\/etim-sweet-red-wine\/","title":{"rendered":"\u00c8TIM sweet red wine"},"content":{"rendered":"","protected":false},"excerpt":{"rendered":"<p><em><strong>\u00c8tim Sinest\u00e8sic Tardana Negra D.O. Montsant<\/strong><\/em><\/p>\n<pre id=\"tw-target-text\" class=\"tw-data-text tw-text-large tw-ta\" dir=\"ltr\" data-placeholder=\"Traducci\u00f3n\"><span class=\"Y2IQFc\" lang=\"en\">Monovarietal sweet red wine from black Grenache. Wine to take in a reflection and direct your thoughts. The wine will accompany you sweetly. A perfect accompaniment to desserts where chocolate is the main ingredient.<\/span><\/pre>\n","protected":false},"featured_media":8032,"comment_status":"open","ping_status":"closed","template":"","meta":{"_acf_changed":false,"inline_featured_image":false},"product_brand":[],"product_cat":[119],"product_tag":[211],"class_list":{"0":"post-8096","1":"product","2":"type-product","3":"status-publish","4":"has-post-thumbnail","6":"product_cat-priorat-wines-and-local-products","7":"product_tag-vegan","9":"first","10":"instock","11":"taxable","12":"shipping-taxable","13":"purchasable","14":"product-type-simple"},"acf":[],"_links":{"self":[{"href":"https:\/\/prioratnatur.com\/en\/wp-json\/wp\/v2\/product\/8096","targetHints":{"allow":["GET"]}}],"collection":[{"href":"https:\/\/prioratnatur.com\/en\/wp-json\/wp\/v2\/product"}],"about":[{"href":"https:\/\/prioratnatur.com\/en\/wp-json\/wp\/v2\/types\/product"}],"replies":[{"embeddable":true,"href":"https:\/\/prioratnatur.com\/en\/wp-json\/wp\/v2\/comments?post=8096"}],"version-history":[{"count":0,"href":"https:\/\/prioratnatur.com\/en\/wp-json\/wp\/v2\/product\/8096\/revisions"}],"wp:featuredmedia":[{"embeddable":true,"href":"https:\/\/prioratnatur.com\/en\/wp-json\/wp\/v2\/media\/8032"}],"wp:attachment":[{"href":"https:\/\/prioratnatur.com\/en\/wp-json\/wp\/v2\/media?parent=8096"}],"wp:term":[{"taxonomy":"product_brand","embeddable":true,"href":"https:\/\/prioratnatur.com\/en\/wp-json\/wp\/v2\/product_brand?post=8096"},{"taxonomy":"product_cat","embeddable":true,"href":"https:\/\/prioratnatur.com\/en\/wp-json\/wp\/v2\/product_cat?post=8096"},{"taxonomy":"product_tag","embeddable":true,"href":"https:\/\/prioratnatur.com\/en\/wp-json\/wp\/v2\/product_tag?post=8096"}],"curies":[{"name":"wp","href":"https:\/\/api.w.org\/{rel}","templated":true}]}}