{"id":7492,"date":"2022-01-27T17:41:19","date_gmt":"2022-01-27T17:41:19","guid":{"rendered":"https:\/\/prioratnatur.com\/joan-gine-red\/"},"modified":"2025-09-15T13:50:26","modified_gmt":"2025-09-15T13:50:26","slug":"joan-gine-red","status":"publish","type":"product","link":"https:\/\/prioratnatur.com\/en\/joan-gine-red\/","title":{"rendered":"Joan Gin\u00e9 red wine"},"content":{"rendered":"","protected":false},"excerpt":{"rendered":"<p><strong>Joan Gin\u00e9 Negre. Buil &amp; Gin\u00e9. Red wine. DOCa Priorat<\/strong><\/p>\n<p>A well-structured, persistent, full, voluptuous, and long wine<\/p>\n<p>Great to pair with red meats, certain aged cheese, and foie.<\/p>\n<p id=\"tw-target-text\" class=\"tw-data-text tw-text-large tw-ta\" dir=\"ltr\" data-placeholder=\"Traducci\u00f3\"><span class=\"Y2IQFc\" lang=\"en\">Ideal with stews, confit, and bitter sauces (orange, almonds, or dark chocolate).<\/span><\/p>\n<p>It has significant international recognition, mainly due to its excellent quality\/price ratio.<\/p>\n","protected":false},"featured_media":4574,"comment_status":"open","ping_status":"closed","template":"","meta":{"_acf_changed":false,"inline_featured_image":false},"product_brand":[],"product_cat":[119],"product_tag":[211],"class_list":{"0":"post-7492","1":"product","2":"type-product","3":"status-publish","4":"has-post-thumbnail","6":"product_cat-priorat-wines-and-local-products","7":"product_tag-vegan","9":"first","10":"instock","11":"taxable","12":"shipping-taxable","13":"purchasable","14":"product-type-simple"},"acf":[],"_links":{"self":[{"href":"https:\/\/prioratnatur.com\/en\/wp-json\/wp\/v2\/product\/7492","targetHints":{"allow":["GET"]}}],"collection":[{"href":"https:\/\/prioratnatur.com\/en\/wp-json\/wp\/v2\/product"}],"about":[{"href":"https:\/\/prioratnatur.com\/en\/wp-json\/wp\/v2\/types\/product"}],"replies":[{"embeddable":true,"href":"https:\/\/prioratnatur.com\/en\/wp-json\/wp\/v2\/comments?post=7492"}],"version-history":[{"count":0,"href":"https:\/\/prioratnatur.com\/en\/wp-json\/wp\/v2\/product\/7492\/revisions"}],"wp:featuredmedia":[{"embeddable":true,"href":"https:\/\/prioratnatur.com\/en\/wp-json\/wp\/v2\/media\/4574"}],"wp:attachment":[{"href":"https:\/\/prioratnatur.com\/en\/wp-json\/wp\/v2\/media?parent=7492"}],"wp:term":[{"taxonomy":"product_brand","embeddable":true,"href":"https:\/\/prioratnatur.com\/en\/wp-json\/wp\/v2\/product_brand?post=7492"},{"taxonomy":"product_cat","embeddable":true,"href":"https:\/\/prioratnatur.com\/en\/wp-json\/wp\/v2\/product_cat?post=7492"},{"taxonomy":"product_tag","embeddable":true,"href":"https:\/\/prioratnatur.com\/en\/wp-json\/wp\/v2\/product_tag?post=7492"}],"curies":[{"name":"wp","href":"https:\/\/api.w.org\/{rel}","templated":true}]}}