{"id":7486,"date":"2022-01-27T17:32:27","date_gmt":"2022-01-27T17:32:27","guid":{"rendered":"https:\/\/prioratnatur.com\/joan-gine-white\/"},"modified":"2025-01-25T20:28:52","modified_gmt":"2025-01-25T20:28:52","slug":"joan-gine-white","status":"publish","type":"product","link":"https:\/\/prioratnatur.com\/en\/joan-gine-white\/","title":{"rendered":"Joan Gin\u00e9 white wine"},"content":{"rendered":"","protected":false},"excerpt":{"rendered":"<p><strong>Joan Gin\u00e9 Blanc. Buil &amp; Gin\u00e9. White wine. DOCa Priorat<\/strong><\/p>\n<p>Like other local white wines, it is a wine to drink fresh, however, in many cases, it can be used as red wine.<\/p>\n<p>Fruity, tropical, mature, unctuous and fleshy wine.<\/p>\n<p>Perfect for pairing with fish, seafood, white meat, vegetables, and fruit.<\/p>\n<p>Ideal with grilled, baked, steamed, and boiled meals.<\/p>\n","protected":false},"featured_media":4561,"comment_status":"open","ping_status":"closed","template":"","meta":{"_acf_changed":false,"inline_featured_image":false},"product_brand":[],"product_cat":[119],"product_tag":[211],"class_list":{"0":"post-7486","1":"product","2":"type-product","3":"status-publish","4":"has-post-thumbnail","6":"product_cat-priorat-wines-and-local-products","7":"product_tag-vegan","9":"first","10":"instock","11":"taxable","12":"shipping-taxable","13":"purchasable","14":"product-type-simple"},"acf":[],"_links":{"self":[{"href":"https:\/\/prioratnatur.com\/en\/wp-json\/wp\/v2\/product\/7486","targetHints":{"allow":["GET"]}}],"collection":[{"href":"https:\/\/prioratnatur.com\/en\/wp-json\/wp\/v2\/product"}],"about":[{"href":"https:\/\/prioratnatur.com\/en\/wp-json\/wp\/v2\/types\/product"}],"replies":[{"embeddable":true,"href":"https:\/\/prioratnatur.com\/en\/wp-json\/wp\/v2\/comments?post=7486"}],"version-history":[{"count":0,"href":"https:\/\/prioratnatur.com\/en\/wp-json\/wp\/v2\/product\/7486\/revisions"}],"wp:featuredmedia":[{"embeddable":true,"href":"https:\/\/prioratnatur.com\/en\/wp-json\/wp\/v2\/media\/4561"}],"wp:attachment":[{"href":"https:\/\/prioratnatur.com\/en\/wp-json\/wp\/v2\/media?parent=7486"}],"wp:term":[{"taxonomy":"product_brand","embeddable":true,"href":"https:\/\/prioratnatur.com\/en\/wp-json\/wp\/v2\/product_brand?post=7486"},{"taxonomy":"product_cat","embeddable":true,"href":"https:\/\/prioratnatur.com\/en\/wp-json\/wp\/v2\/product_cat?post=7486"},{"taxonomy":"product_tag","embeddable":true,"href":"https:\/\/prioratnatur.com\/en\/wp-json\/wp\/v2\/product_tag?post=7486"}],"curies":[{"name":"wp","href":"https:\/\/api.w.org\/{rel}","templated":true}]}}