{"id":7482,"date":"2022-01-27T17:23:00","date_gmt":"2022-01-27T17:23:00","guid":{"rendered":"https:\/\/prioratnatur.com\/pleret-dolc-white\/"},"modified":"2022-07-09T15:44:50","modified_gmt":"2022-07-09T15:44:50","slug":"pleret-dolc-white","status":"publish","type":"product","link":"https:\/\/prioratnatur.com\/en\/pleret-dolc-white\/","title":{"rendered":"Pleret dol\u00e7 sweet white wine"},"content":{"rendered":"","protected":false},"excerpt":{"rendered":"<p><strong>Pleret Dol\u00e7 Blanc. Buil &amp; Gin\u00e9. Sweet Wine. DOCa Priorat.<\/strong><\/p>\n<p>Sugared, fresh, and mature wine. Very special, with a very balanced level of sweetness.<\/p>\n<p>Pairing is recommended with cheese and foie, with appetizers and nuts. Delicious combined with pumpkin or mushroom creams, and together with not very sweet desserts.<\/p>\n","protected":false},"featured_media":4551,"comment_status":"open","ping_status":"closed","template":"","meta":{"_acf_changed":false,"inline_featured_image":false},"product_brand":[],"product_cat":[119],"product_tag":[211],"class_list":{"0":"post-7482","1":"product","2":"type-product","3":"status-publish","4":"has-post-thumbnail","6":"product_cat-priorat-wines-and-local-products","7":"product_tag-vegan","9":"first","10":"outofstock","11":"taxable","12":"shipping-taxable","13":"purchasable","14":"product-type-simple"},"acf":[],"_links":{"self":[{"href":"https:\/\/prioratnatur.com\/en\/wp-json\/wp\/v2\/product\/7482","targetHints":{"allow":["GET"]}}],"collection":[{"href":"https:\/\/prioratnatur.com\/en\/wp-json\/wp\/v2\/product"}],"about":[{"href":"https:\/\/prioratnatur.com\/en\/wp-json\/wp\/v2\/types\/product"}],"replies":[{"embeddable":true,"href":"https:\/\/prioratnatur.com\/en\/wp-json\/wp\/v2\/comments?post=7482"}],"version-history":[{"count":0,"href":"https:\/\/prioratnatur.com\/en\/wp-json\/wp\/v2\/product\/7482\/revisions"}],"wp:featuredmedia":[{"embeddable":true,"href":"https:\/\/prioratnatur.com\/en\/wp-json\/wp\/v2\/media\/4551"}],"wp:attachment":[{"href":"https:\/\/prioratnatur.com\/en\/wp-json\/wp\/v2\/media?parent=7482"}],"wp:term":[{"taxonomy":"product_brand","embeddable":true,"href":"https:\/\/prioratnatur.com\/en\/wp-json\/wp\/v2\/product_brand?post=7482"},{"taxonomy":"product_cat","embeddable":true,"href":"https:\/\/prioratnatur.com\/en\/wp-json\/wp\/v2\/product_cat?post=7482"},{"taxonomy":"product_tag","embeddable":true,"href":"https:\/\/prioratnatur.com\/en\/wp-json\/wp\/v2\/product_tag?post=7482"}],"curies":[{"name":"wp","href":"https:\/\/api.w.org\/{rel}","templated":true}]}}