{"id":7477,"date":"2022-01-26T17:46:15","date_gmt":"2022-01-26T17:46:15","guid":{"rendered":"https:\/\/prioratnatur.com\/gine-gine-red\/"},"modified":"2026-03-11T06:29:58","modified_gmt":"2026-03-11T06:29:58","slug":"gine-gine-red","status":"publish","type":"product","link":"https:\/\/prioratnatur.com\/en\/gine-gine-red\/","title":{"rendered":"Gin\u00e9 Gin\u00e9 red wine"},"content":{"rendered":"","protected":false},"excerpt":{"rendered":"<p><strong>Gin\u00e9 Gin\u00e9. Buil &amp; Gin\u00e9. Red wine. DOCa Priorat.<\/strong><\/p>\n<p>Fruity and mineral, as a Priorat wine must be, and without any interference.<\/p>\n<p>It is so versatile that we call it \u201cour jack of all trades\u201d.<\/p>\n<p>It pairs very well with food with floral notes, aromatic herbs, pepper, anise or cinnamon, balsamic touches, toasted hints, or touches of patisserie. It also combines with fleshy and filling fish. The most appropriate ways of cooking \u2013 it is difficult to make a selection! It is a wine made to be served with everything. We could talk about boiled and stewed dishes, spicy foods, and risottos.<\/p>\n","protected":false},"featured_media":4535,"comment_status":"open","ping_status":"closed","template":"","meta":{"_acf_changed":false,"inline_featured_image":false},"product_brand":[],"product_cat":[119],"product_tag":[211],"class_list":{"0":"post-7477","1":"product","2":"type-product","3":"status-publish","4":"has-post-thumbnail","6":"product_cat-priorat-wines-and-local-products","7":"product_tag-vegan","9":"first","10":"instock","11":"taxable","12":"shipping-taxable","13":"purchasable","14":"product-type-simple"},"acf":[],"_links":{"self":[{"href":"https:\/\/prioratnatur.com\/en\/wp-json\/wp\/v2\/product\/7477","targetHints":{"allow":["GET"]}}],"collection":[{"href":"https:\/\/prioratnatur.com\/en\/wp-json\/wp\/v2\/product"}],"about":[{"href":"https:\/\/prioratnatur.com\/en\/wp-json\/wp\/v2\/types\/product"}],"replies":[{"embeddable":true,"href":"https:\/\/prioratnatur.com\/en\/wp-json\/wp\/v2\/comments?post=7477"}],"version-history":[{"count":0,"href":"https:\/\/prioratnatur.com\/en\/wp-json\/wp\/v2\/product\/7477\/revisions"}],"wp:featuredmedia":[{"embeddable":true,"href":"https:\/\/prioratnatur.com\/en\/wp-json\/wp\/v2\/media\/4535"}],"wp:attachment":[{"href":"https:\/\/prioratnatur.com\/en\/wp-json\/wp\/v2\/media?parent=7477"}],"wp:term":[{"taxonomy":"product_brand","embeddable":true,"href":"https:\/\/prioratnatur.com\/en\/wp-json\/wp\/v2\/product_brand?post=7477"},{"taxonomy":"product_cat","embeddable":true,"href":"https:\/\/prioratnatur.com\/en\/wp-json\/wp\/v2\/product_cat?post=7477"},{"taxonomy":"product_tag","embeddable":true,"href":"https:\/\/prioratnatur.com\/en\/wp-json\/wp\/v2\/product_tag?post=7477"}],"curies":[{"name":"wp","href":"https:\/\/api.w.org\/{rel}","templated":true}]}}