{"id":7453,"date":"2022-01-26T16:53:23","date_gmt":"2022-01-26T16:53:23","guid":{"rendered":"https:\/\/prioratnatur.com\/angelia-red\/"},"modified":"2022-07-11T16:01:44","modified_gmt":"2022-07-11T16:01:44","slug":"angelia-red","status":"publish","type":"product","link":"https:\/\/prioratnatur.com\/en\/angelia-red\/","title":{"rendered":"Angelia red wine"},"content":{"rendered":"","protected":false},"excerpt":{"rendered":"<p><strong>Gin\u00e9 Gin\u00e9. Buil &amp; Gin\u00e9. Red wine. DOCa Priorat.<\/strong><\/p>\n<p>An organic full-bodied wine, with a long and persistent after taste, voluptuous, and long.<\/p>\n<p>Ideal to pair with game meat, duck, high protein dishes, and also with sweet and sour dishes.<\/p>\n<p>Good for using it in stews and winter dishes.<\/p>\n","protected":false},"featured_media":4477,"comment_status":"open","ping_status":"closed","template":"","meta":{"_acf_changed":false,"inline_featured_image":false},"product_brand":[],"product_cat":[119],"product_tag":[211],"class_list":{"0":"post-7453","1":"product","2":"type-product","3":"status-publish","4":"has-post-thumbnail","6":"product_cat-priorat-wines-and-local-products","7":"product_tag-vegan","9":"first","10":"instock","11":"taxable","12":"shipping-taxable","13":"purchasable","14":"product-type-simple"},"acf":[],"_links":{"self":[{"href":"https:\/\/prioratnatur.com\/en\/wp-json\/wp\/v2\/product\/7453","targetHints":{"allow":["GET"]}}],"collection":[{"href":"https:\/\/prioratnatur.com\/en\/wp-json\/wp\/v2\/product"}],"about":[{"href":"https:\/\/prioratnatur.com\/en\/wp-json\/wp\/v2\/types\/product"}],"replies":[{"embeddable":true,"href":"https:\/\/prioratnatur.com\/en\/wp-json\/wp\/v2\/comments?post=7453"}],"version-history":[{"count":0,"href":"https:\/\/prioratnatur.com\/en\/wp-json\/wp\/v2\/product\/7453\/revisions"}],"wp:featuredmedia":[{"embeddable":true,"href":"https:\/\/prioratnatur.com\/en\/wp-json\/wp\/v2\/media\/4477"}],"wp:attachment":[{"href":"https:\/\/prioratnatur.com\/en\/wp-json\/wp\/v2\/media?parent=7453"}],"wp:term":[{"taxonomy":"product_brand","embeddable":true,"href":"https:\/\/prioratnatur.com\/en\/wp-json\/wp\/v2\/product_brand?post=7453"},{"taxonomy":"product_cat","embeddable":true,"href":"https:\/\/prioratnatur.com\/en\/wp-json\/wp\/v2\/product_cat?post=7453"},{"taxonomy":"product_tag","embeddable":true,"href":"https:\/\/prioratnatur.com\/en\/wp-json\/wp\/v2\/product_tag?post=7453"}],"curies":[{"name":"wp","href":"https:\/\/api.w.org\/{rel}","templated":true}]}}