{"id":4276,"date":"2021-09-29T14:26:11","date_gmt":"2021-09-29T14:26:11","guid":{"rendered":"https:\/\/prioratnatur.com\/the-priorat-tradition-oil-vermouth\/"},"modified":"2026-02-24T15:07:06","modified_gmt":"2026-02-24T15:07:06","slug":"the-priorat-tradition-oil-vermouth","status":"publish","type":"product","link":"https:\/\/prioratnatur.com\/en\/the-priorat-tradition-oil-vermouth\/","title":{"rendered":"The Priorat Tradition: Oil + Vermouth"},"content":{"rendered":"<p><br data-mce-bogus=\"1\"><\/p>\n","protected":false},"excerpt":{"rendered":"<p>Enjoy two of the most authentic products of our region: olive oil and vermouth!<\/p>\n<p><span style=\"font-weight: 400;\">Primerament ens endinsarem en el fascinant m\u00f3n de l&#8217;oli amb un tast guiat on aprendreu com fer un tast d&#8217;oli, quins s\u00f3n els seus atributs, els tipus d&#8217;oli que es poden trobar al mercat i molt m\u00e9s. Seguidament, us presentarem i tastareu un aut\u00e8ntic vermut ple d&#8217;aromes del territori. <\/span><\/p>\n<p>&nbsp;<\/p>\n<p>Location: Priorat Natur<\/p>\n<p>Duration: 1 hour<\/p>\n<p><b>Price<\/b>: \u20ac17 per person<\/p>\n<p><b>Activity with prior reservation <\/b><\/p>\n","protected":false},"featured_media":17680,"comment_status":"open","ping_status":"closed","template":"","meta":{"_acf_changed":false,"inline_featured_image":false},"product_brand":[],"product_cat":[99],"product_tag":[],"class_list":{"0":"post-4276","1":"product","2":"type-product","3":"status-publish","4":"has-post-thumbnail","6":"product_cat-activities","8":"first","9":"instock","10":"virtual","11":"taxable","12":"purchasable","13":"product-type-simple"},"acf":[],"_links":{"self":[{"href":"https:\/\/prioratnatur.com\/en\/wp-json\/wp\/v2\/product\/4276","targetHints":{"allow":["GET"]}}],"collection":[{"href":"https:\/\/prioratnatur.com\/en\/wp-json\/wp\/v2\/product"}],"about":[{"href":"https:\/\/prioratnatur.com\/en\/wp-json\/wp\/v2\/types\/product"}],"replies":[{"embeddable":true,"href":"https:\/\/prioratnatur.com\/en\/wp-json\/wp\/v2\/comments?post=4276"}],"version-history":[{"count":2,"href":"https:\/\/prioratnatur.com\/en\/wp-json\/wp\/v2\/product\/4276\/revisions"}],"predecessor-version":[{"id":21622,"href":"https:\/\/prioratnatur.com\/en\/wp-json\/wp\/v2\/product\/4276\/revisions\/21622"}],"wp:featuredmedia":[{"embeddable":true,"href":"https:\/\/prioratnatur.com\/en\/wp-json\/wp\/v2\/media\/17680"}],"wp:attachment":[{"href":"https:\/\/prioratnatur.com\/en\/wp-json\/wp\/v2\/media?parent=4276"}],"wp:term":[{"taxonomy":"product_brand","embeddable":true,"href":"https:\/\/prioratnatur.com\/en\/wp-json\/wp\/v2\/product_brand?post=4276"},{"taxonomy":"product_cat","embeddable":true,"href":"https:\/\/prioratnatur.com\/en\/wp-json\/wp\/v2\/product_cat?post=4276"},{"taxonomy":"product_tag","embeddable":true,"href":"https:\/\/prioratnatur.com\/en\/wp-json\/wp\/v2\/product_tag?post=4276"}],"curies":[{"name":"wp","href":"https:\/\/api.w.org\/{rel}","templated":true}]}}