{"id":10640,"date":"2023-06-26T15:16:07","date_gmt":"2023-06-26T15:16:07","guid":{"rendered":"https:\/\/prioratnatur.com\/gine-rosat\/"},"modified":"2024-09-10T09:19:48","modified_gmt":"2024-09-10T09:19:48","slug":"gine-rosat","status":"publish","type":"product","link":"https:\/\/prioratnatur.com\/en\/gine-rosat\/","title":{"rendered":"Gin\u00e9 Rosat"},"content":{"rendered":"","protected":false},"excerpt":{"rendered":"<p><strong>&#8221;Gin\u00e9 Rosat&#8221; wine. Celler Buil &amp; Gin\u00e9. DOQ Priorat<\/strong><\/p>\n<p>Fresh, with red and ripe fruit. This wine sees its virtues enhanced with acidic foods in their right balance. Acidity in an appropriate measure brings freshness and lightness to the wines.<\/p>\n<p>Highly recommended to accompany salads (with little vinegar or lemon), spicy dishes, pickles and marinades. white meat White and blue fish. Seafood and vegetables.<\/p>\n<p>Perfect to enjoy alone too!<\/p>\n<p>The most suitable cooking methods: cooked, steamed or even raw. Vinaigrettes and romesco sauce. Acid dairy desserts and cheeses with acid fermentations.<\/p>\n<p><strong>Varieties: 85% Garnacha \/ 15% Merlot.<\/strong><\/p>\n","protected":false},"featured_media":10457,"comment_status":"open","ping_status":"closed","template":"","meta":{"_acf_changed":false,"inline_featured_image":false},"product_brand":[],"product_cat":[119],"product_tag":[211],"class_list":{"0":"post-10640","1":"product","2":"type-product","3":"status-publish","4":"has-post-thumbnail","6":"product_cat-priorat-wines-and-local-products","7":"product_tag-vegan","9":"first","10":"instock","11":"taxable","12":"shipping-taxable","13":"purchasable","14":"product-type-simple"},"acf":[],"_links":{"self":[{"href":"https:\/\/prioratnatur.com\/en\/wp-json\/wp\/v2\/product\/10640","targetHints":{"allow":["GET"]}}],"collection":[{"href":"https:\/\/prioratnatur.com\/en\/wp-json\/wp\/v2\/product"}],"about":[{"href":"https:\/\/prioratnatur.com\/en\/wp-json\/wp\/v2\/types\/product"}],"replies":[{"embeddable":true,"href":"https:\/\/prioratnatur.com\/en\/wp-json\/wp\/v2\/comments?post=10640"}],"version-history":[{"count":0,"href":"https:\/\/prioratnatur.com\/en\/wp-json\/wp\/v2\/product\/10640\/revisions"}],"wp:featuredmedia":[{"embeddable":true,"href":"https:\/\/prioratnatur.com\/en\/wp-json\/wp\/v2\/media\/10457"}],"wp:attachment":[{"href":"https:\/\/prioratnatur.com\/en\/wp-json\/wp\/v2\/media?parent=10640"}],"wp:term":[{"taxonomy":"product_brand","embeddable":true,"href":"https:\/\/prioratnatur.com\/en\/wp-json\/wp\/v2\/product_brand?post=10640"},{"taxonomy":"product_cat","embeddable":true,"href":"https:\/\/prioratnatur.com\/en\/wp-json\/wp\/v2\/product_cat?post=10640"},{"taxonomy":"product_tag","embeddable":true,"href":"https:\/\/prioratnatur.com\/en\/wp-json\/wp\/v2\/product_tag?post=10640"}],"curies":[{"name":"wp","href":"https:\/\/api.w.org\/{rel}","templated":true}]}}